{"id":5020,"date":"2023-08-02T16:53:19","date_gmt":"2023-08-02T13:53:19","guid":{"rendered":"https:\/\/dentalclinicnisantasi.com\/?page_id=5020"},"modified":"2023-10-12T17:04:19","modified_gmt":"2023-10-12T14:04:19","slug":"%d7%a8%d7%a4%d7%95%d7%90%d7%aa-%d7%a9%d7%99%d7%a0%d7%99%d7%99%d7%9d-%d7%93%d7%99%d7%92%d7%99%d7%98%d7%9c%d7%99%d7%aa","status":"publish","type":"page","link":"https:\/\/dentalclinicnisantasi.com\/he\/%d7%a8%d7%a4%d7%95%d7%90%d7%aa-%d7%a9%d7%99%d7%a0%d7%99%d7%99%d7%9d-%d7%93%d7%99%d7%92%d7%99%d7%98%d7%9c%d7%99%d7%aa\/","title":{"rendered":"\u05e8\u05e4\u05d5\u05d0\u05ea \u05e9\u05d9\u05e0\u05d9\u05d9\u05dd \u05d3\u05d9\u05d2\u05d9\u05d8\u05dc\u05d9\u05ea"},"content":{"rendered":"\t\t<div data-elementor-type=\"wp-page\" data-elementor-id=\"5020\" class=\"elementor elementor-5020 elementor-1351\">\n\t\t\t\t\t\t\t\t\t<section class=\"elementor-section elementor-top-section elementor-element elementor-element-3db1545 elementor-section-boxed elementor-section-height-default elementor-section-height-default\" data-id=\"3db1545\" data-element_type=\"section\">\n\t\t\t\t\t\t<div class=\"elementor-container elementor-column-gap-no\">\n\t\t\t\t\t<div class=\"elementor-column elementor-col-33 elementor-top-column elementor-element elementor-element-e666753\" data-id=\"e666753\" data-element_type=\"column\" data-settings=\"{&quot;background_background&quot;:&quot;classic&quot;}\">\n\t\t\t<div class=\"elementor-widget-wrap elementor-element-populated\">\n\t\t\t\t\t\t\t\t<div class=\"elementor-element elementor-element-e6a97df elementor-widget elementor-widget-image\" data-id=\"e6a97df\" data-element_type=\"widget\" data-widget_type=\"image.default\">\n\t\t\t\t<div class=\"elementor-widget-container\">\n\t\t\t<style>\/*! elementor - v3.16.0 - 14-09-2023 *\/\n.elementor-widget-image{text-align:center}.elementor-widget-image a{display:inline-block}.elementor-widget-image a img[src$=\".svg\"]{width:48px}.elementor-widget-image img{vertical-align:middle;display:inline-block}<\/style>\t\t\t\t\t\t\t\t\t\t\t\t<img decoding=\"async\" width=\"330\" height=\"225\" src=\"https:\/\/dentalclinicnisantasi.com\/wp-content\/uploads\/2023\/08\/dijital-gulus-t.jpg\" class=\"attachment-full size-full wp-image-1355\" alt=\"\" srcset=\"https:\/\/dentalclinicnisantasi.com\/wp-content\/uploads\/2023\/08\/dijital-gulus-t.jpg 330w, https:\/\/dentalclinicnisantasi.com\/wp-content\/uploads\/2023\/08\/dijital-gulus-t-300x205.jpg 300w\" sizes=\"(max-width: 330px) 100vw, 330px\" \/>\t\t\t\t\t\t\t\t\t\t\t\t\t\t\t<\/div>\n\t\t\t\t<\/div>\n\t\t\t\t<div class=\"elementor-element elementor-element-26d2fe4 elementor-widget__width-auto elementor-widget elementor-widget-hub_fancy_heading\" data-id=\"26d2fe4\" data-element_type=\"widget\" data-widget_type=\"hub_fancy_heading.default\">\n\t\t\t\t<div class=\"elementor-widget-container\">\n\t\t\t\n\t\t<div id=\"ld-fancy-heading-69e128100fdd0\" class=\"ld-fancy-heading pos-rel\">\n\t\t\t<h6 class=\"ld-fh-element d-inline-block pos-rel  elementor-heading-title lqd-highlight-classic lqd-highlight-grow-left h6\"  > Dijital Di\u015f Hekimli\u011fi\n<\/h6>\t\t<\/div>\n\n\t\t\t\t<\/div>\n\t\t\t\t<\/div>\n\t\t\t\t<div class=\"elementor-element elementor-element-d6eaca6 elementor-widget elementor-widget-hub_fancy_heading\" data-id=\"d6eaca6\" data-element_type=\"widget\" data-widget_type=\"hub_fancy_heading.default\">\n\t\t\t\t<div class=\"elementor-widget-container\">\n\t\t\t\n\t\t<div id=\"ld-fancy-heading-69e12810107c5\" class=\"ld-fancy-heading pos-rel\">\n\t\t\t<h2 class=\"ld-fh-element d-inline-block pos-rel  elementor-heading-title lqd-highlight-classic lqd-highlight-grow-left h2\"  > Dijital G\u00fcl\u00fc\u015f Tasar\u0131m\u0131 ve Protez<\/h2>\t\t<\/div>\n\n\t\t\t\t<\/div>\n\t\t\t\t<\/div>\n\t\t\t\t<div class=\"elementor-element elementor-element-f634b7d elementor-widget elementor-widget-ld_overlay_link lqd-overlay\" data-id=\"f634b7d\" data-element_type=\"widget\" data-widget_type=\"ld_overlay_link.default\">\n\t\t\t\t<div class=\"elementor-widget-container\">\n\t\t\t\n\t\t\t<a href=\"https:\/\/dentalclinicnisantasi.com\/dijital-gulus-tasarimi-ve-protez\/\"class=\"d-block lqd-overlay z-index-3\">\n\t\t\t\t\t\t\t<\/a>\n\t\t\n\t\t\t\t<\/div>\n\t\t\t\t<\/div>\n\t\t\t\t\t<\/div>\n\t\t<\/div>\n\t\t\t\t<div class=\"elementor-column elementor-col-33 elementor-top-column elementor-element elementor-element-557f136\" data-id=\"557f136\" data-element_type=\"column\" data-settings=\"{&quot;background_background&quot;:&quot;classic&quot;}\">\n\t\t\t<div class=\"elementor-widget-wrap elementor-element-populated\">\n\t\t\t\t\t\t\t\t<div class=\"elementor-element elementor-element-9882362 elementor-widget elementor-widget-image\" data-id=\"9882362\" data-element_type=\"widget\" data-widget_type=\"image.default\">\n\t\t\t\t<div class=\"elementor-widget-container\">\n\t\t\t\t\t\t\t\t\t\t\t\t\t\t\t<img decoding=\"async\" width=\"330\" height=\"225\" src=\"data:image\/svg+xml;charset=utf-8,%3Csvg xmlns%3D&#039;http%3A%2F%2Fwww.w3.org%2F2000%2Fsvg&#039; viewBox%3D&#039;0 0 330 225&#039;%2F%3E\" class=\"attachment-full size-full wp-image-1356 ld-lazyload\" alt=\"\" data-src=\"https:\/\/dentalclinicnisantasi.com\/wp-content\/uploads\/2023\/08\/dijital-ortodonti-t.jpg\" data-srcset=\"https:\/\/dentalclinicnisantasi.com\/wp-content\/uploads\/2023\/08\/dijital-ortodonti-t.jpg 330w, https:\/\/dentalclinicnisantasi.com\/wp-content\/uploads\/2023\/08\/dijital-ortodonti-t-300x205.jpg 300w\" data-sizes=\"(max-width: 330px) 100vw, 330px\" data-aspect=\"1.4666666666667\" \/>\t\t\t\t\t\t\t\t\t\t\t\t\t\t\t<\/div>\n\t\t\t\t<\/div>\n\t\t\t\t<div class=\"elementor-element elementor-element-cd8e06f elementor-widget__width-auto elementor-widget elementor-widget-hub_fancy_heading\" data-id=\"cd8e06f\" data-element_type=\"widget\" data-widget_type=\"hub_fancy_heading.default\">\n\t\t\t\t<div class=\"elementor-widget-container\">\n\t\t\t\n\t\t<div id=\"ld-fancy-heading-69e128101c171\" class=\"ld-fancy-heading pos-rel\">\n\t\t\t<h6 class=\"ld-fh-element d-inline-block pos-rel  elementor-heading-title lqd-highlight-classic lqd-highlight-grow-left h6\"  > Dijital Di\u015f Hekimli\u011fi\n<\/h6>\t\t<\/div>\n\n\t\t\t\t<\/div>\n\t\t\t\t<\/div>\n\t\t\t\t<div class=\"elementor-element elementor-element-5f43646 elementor-widget elementor-widget-hub_fancy_heading\" data-id=\"5f43646\" data-element_type=\"widget\" data-widget_type=\"hub_fancy_heading.default\">\n\t\t\t\t<div class=\"elementor-widget-container\">\n\t\t\t\n\t\t<div id=\"ld-fancy-heading-69e128101c99d\" class=\"ld-fancy-heading pos-rel\">\n\t\t\t<h2 class=\"ld-fh-element d-inline-block pos-rel  elementor-heading-title lqd-highlight-classic lqd-highlight-grow-left h2\"  > Dijital Ortodonti<\/h2>\t\t<\/div>\n\n\t\t\t\t<\/div>\n\t\t\t\t<\/div>\n\t\t\t\t<div class=\"elementor-element elementor-element-8a5384e elementor-widget elementor-widget-ld_overlay_link lqd-overlay\" data-id=\"8a5384e\" data-element_type=\"widget\" data-widget_type=\"ld_overlay_link.default\">\n\t\t\t\t<div class=\"elementor-widget-container\">\n\t\t\t\n\t\t\t<a href=\"https:\/\/dentalclinicnisantasi.com\/kemik-yetersizliginde-implant-tedavisi\/\"class=\"d-block lqd-overlay z-index-3\">\n\t\t\t\t\t\t\t<\/a>\n\t\t\n\t\t\t\t<\/div>\n\t\t\t\t<\/div>\n\t\t\t\t\t<\/div>\n\t\t<\/div>\n\t\t\t\t<div class=\"elementor-column elementor-col-33 elementor-top-column elementor-element elementor-element-254b03c\" data-id=\"254b03c\" data-element_type=\"column\" data-settings=\"{&quot;background_background&quot;:&quot;classic&quot;}\">\n\t\t\t<div class=\"elementor-widget-wrap elementor-element-populated\">\n\t\t\t\t\t\t\t\t<div class=\"elementor-element elementor-element-4cc50dd elementor-widget elementor-widget-image\" data-id=\"4cc50dd\" data-element_type=\"widget\" data-widget_type=\"image.default\">\n\t\t\t\t<div class=\"elementor-widget-container\">\n\t\t\t\t\t\t\t\t\t\t\t\t\t\t\t<img decoding=\"async\" width=\"330\" height=\"225\" src=\"data:image\/svg+xml;charset=utf-8,%3Csvg xmlns%3D&#039;http%3A%2F%2Fwww.w3.org%2F2000%2Fsvg&#039; viewBox%3D&#039;0 0 330 225&#039;%2F%3E\" class=\"attachment-full size-full wp-image-1357 ld-lazyload\" alt=\"\" data-src=\"https:\/\/dentalclinicnisantasi.com\/wp-content\/uploads\/2023\/08\/dijital-dis-hekimligi-t.jpg\" data-aspect=\"1.4666666666667\" \/>\t\t\t\t\t\t\t\t\t\t\t\t\t\t\t<\/div>\n\t\t\t\t<\/div>\n\t\t\t\t<div class=\"elementor-element elementor-element-05056c1 elementor-widget__width-auto elementor-widget elementor-widget-hub_fancy_heading\" data-id=\"05056c1\" data-element_type=\"widget\" data-widget_type=\"hub_fancy_heading.default\">\n\t\t\t\t<div class=\"elementor-widget-container\">\n\t\t\t\n\t\t<div id=\"ld-fancy-heading-69e1281030615\" class=\"ld-fancy-heading pos-rel\">\n\t\t\t<h6 class=\"ld-fh-element d-inline-block pos-rel  elementor-heading-title lqd-highlight-classic lqd-highlight-grow-left h6\"  > Dijital Di\u015f Hekimli\u011fi\n<\/h6>\t\t<\/div>\n\n\t\t\t\t<\/div>\n\t\t\t\t<\/div>\n\t\t\t\t<div class=\"elementor-element elementor-element-be21891 elementor-widget elementor-widget-hub_fancy_heading\" data-id=\"be21891\" data-element_type=\"widget\" data-widget_type=\"hub_fancy_heading.default\">\n\t\t\t\t<div class=\"elementor-widget-container\">\n\t\t\t\n\t\t<div id=\"ld-fancy-heading-69e1281031b5b\" class=\"ld-fancy-heading pos-rel\">\n\t\t\t<h2 class=\"ld-fh-element d-inline-block pos-rel  elementor-heading-title lqd-highlight-classic lqd-highlight-grow-left h2\"  > Dijital Di\u015f Hekimli\u011fi<\/h2>\t\t<\/div>\n\n\t\t\t\t<\/div>\n\t\t\t\t<\/div>\n\t\t\t\t<div class=\"elementor-element elementor-element-d60691f elementor-widget elementor-widget-ld_overlay_link lqd-overlay\" data-id=\"d60691f\" data-element_type=\"widget\" data-widget_type=\"ld_overlay_link.default\">\n\t\t\t\t<div class=\"elementor-widget-container\">\n\t\t\t\n\t\t\t<a href=\"https:\/\/dentalclinicnisantasi.com\/dijital-dis-hekimligi-hizmeti\/\"class=\"d-block lqd-overlay z-index-3\">\n\t\t\t\t\t\t\t<\/a>\n\t\t\n\t\t\t\t<\/div>\n\t\t\t\t<\/div>\n\t\t\t\t\t<\/div>\n\t\t<\/div>\n\t\t\t\t\t\t\t<\/div>\n\t\t<\/section>\n\t\t\t\t<section class=\"elementor-section elementor-top-section elementor-element elementor-element-372eed5 elementor-reverse-mobile elementor-section-boxed elementor-section-height-default elementor-section-height-default\" data-id=\"372eed5\" data-element_type=\"section\">\n\t\t\t\t\t\t<div class=\"elementor-container elementor-column-gap-default\">\n\t\t\t\t\t<div class=\"elementor-column elementor-col-50 elementor-top-column elementor-element elementor-element-acaecff\" data-id=\"acaecff\" data-element_type=\"column\" data-settings=\"{&quot;background_background&quot;:&quot;classic&quot;}\">\n\t\t\t<div class=\"elementor-widget-wrap elementor-element-populated\">\n\t\t\t\t\t\t\t\t<div class=\"elementor-element elementor-element-d756629 elementor-widget elementor-widget-hub_fancy_heading\" data-id=\"d756629\" data-element_type=\"widget\" data-widget_type=\"hub_fancy_heading.default\">\n\t\t\t\t<div class=\"elementor-widget-container\">\n\t\t\t\n\t\t<div id=\"ld-fancy-heading-69e12810337b5\" class=\"ld-fancy-heading pos-rel\">\n\t\t\t<h2 class=\"ld-fh-element d-inline-block pos-rel  elementor-heading-title lqd-highlight-classic lqd-highlight-grow-left h2\"  > Bizimle \u0130leti\u015fime Ge\u00e7in<\/h2>\t\t<\/div>\n\n\t\t\t\t<\/div>\n\t\t\t\t<\/div>\n\t\t\t\t<div class=\"elementor-element elementor-element-e283b33 elementor-widget elementor-widget-hub_fancy_heading\" data-id=\"e283b33\" data-element_type=\"widget\" data-widget_type=\"hub_fancy_heading.default\">\n\t\t\t\t<div class=\"elementor-widget-container\">\n\t\t\t\n\t\t<div id=\"ld-fancy-heading-69e1281033ef6\" class=\"ld-fancy-heading pos-rel\">\n\t\t\t<p class=\"ld-fh-element d-inline-block pos-rel  lqd-highlight-classic lqd-highlight-grow-left p\"  > Sa\u011fl\u0131k dan\u0131\u015fanlar\u0131m\u0131z ile ileti\u015fime ge\u00e7erek tedavi plan\u0131n\u0131z hakk\u0131nda detayl\u0131 bilgi alabilirsiniz.<\/p>\t\t<\/div>\n\n\t\t\t\t<\/div>\n\t\t\t\t<\/div>\n\t\t\t\t<div class=\"elementor-element elementor-element-b9400d1 elementor-widget elementor-widget-ld_button\" data-id=\"b9400d1\" data-element_type=\"widget\" data-widget_type=\"ld_button.default\">\n\t\t\t\t<div class=\"elementor-widget-container\">\n\t\t\t\n\t\t\t<a\n\t\t\t\thref=\"https:\/\/dentalclinicnisantasi.com\/iletisim\/\"class=\"elementor-button btn btn-solid btn-icon-right btn-icon-circle btn-icon-custom-size btn-icon-shaped btn-icon-solid btn-has-label\"\t\t\t>\n\t\t\t\t\t\t\t\t\t<span data-text=\"\u0130leti\u015fim\" class=\"btn-txt\">\n\t\t\t\t\t\t\u0130leti\u015fim\t\t\t\t\t<\/span>\n\t\t\t\t\t\t\t\t\t\t\t\t\t\t<span class=\"btn-icon\">\n\t\t\t\t\t\t\t<i aria-hidden=\"true\" class=\"lqd-icn-ess icon-ion-ios-arrow-forward\"><\/i>\t\t\t\t\t\t<\/span>\n\t\t\t\t\t\t\t\t\t<\/a>\n\t\t\t\t\t<\/div>\n\t\t\t\t<\/div>\n\t\t\t\t\t<\/div>\n\t\t<\/div>\n\t\t\t\t<div class=\"elementor-column elementor-col-50 elementor-top-column elementor-element elementor-element-0b1b4ea\" data-id=\"0b1b4ea\" data-element_type=\"column\" data-settings=\"{&quot;background_background&quot;:&quot;classic&quot;}\">\n\t\t\t<div class=\"elementor-widget-wrap elementor-element-populated\">\n\t\t\t\t\t\t\t\t<div class=\"elementor-element elementor-element-7b7d8d9 elementor-widget elementor-widget-image\" data-id=\"7b7d8d9\" data-element_type=\"widget\" data-widget_type=\"image.default\">\n\t\t\t\t<div class=\"elementor-widget-container\">\n\t\t\t\t\t\t\t\t\t\t\t\t\t\t\t<img decoding=\"async\" width=\"470\" height=\"450\" src=\"data:image\/svg+xml;charset=utf-8,%3Csvg xmlns%3D&#039;http%3A%2F%2Fwww.w3.org%2F2000%2Fsvg&#039; viewBox%3D&#039;0 0 470 450&#039;%2F%3E\" class=\"attachment-full size-full wp-image-1319 ld-lazyload\" alt=\"\" data-src=\"https:\/\/dentalclinicnisantasi.com\/wp-content\/uploads\/2023\/08\/iletisim.jpg\" data-srcset=\"https:\/\/dentalclinicnisantasi.com\/wp-content\/uploads\/2023\/08\/iletisim.jpg 470w, https:\/\/dentalclinicnisantasi.com\/wp-content\/uploads\/2023\/08\/iletisim-300x287.jpg 300w\" data-sizes=\"(max-width: 470px) 100vw, 470px\" data-aspect=\"1.0444444444444\" \/>\t\t\t\t\t\t\t\t\t\t\t\t\t\t\t<\/div>\n\t\t\t\t<\/div>\n\t\t\t\t\t<\/div>\n\t\t<\/div>\n\t\t\t\t\t\t\t<\/div>\n\t\t<\/section>\n\t\t\t\t\t\t\t<\/div>\n\t\t","protected":false},"excerpt":{"rendered":"","protected":false},"author":1,"featured_media":0,"parent":0,"menu_order":0,"comment_status":"closed","ping_status":"closed","template":"","meta":{"footnotes":""},"class_list":["post-5020","page","type-page","status-publish","hentry"],"_links":{"self":[{"href":"https:\/\/dentalclinicnisantasi.com\/he\/wp-json\/wp\/v2\/pages\/5020","targetHints":{"allow":["GET"]}}],"collection":[{"href":"https:\/\/dentalclinicnisantasi.com\/he\/wp-json\/wp\/v2\/pages"}],"about":[{"href":"https:\/\/dentalclinicnisantasi.com\/he\/wp-json\/wp\/v2\/types\/page"}],"author":[{"embeddable":true,"href":"https:\/\/dentalclinicnisantasi.com\/he\/wp-json\/wp\/v2\/users\/1"}],"replies":[{"embeddable":true,"href":"https:\/\/dentalclinicnisantasi.com\/he\/wp-json\/wp\/v2\/comments?post=5020"}],"version-history":[{"count":1,"href":"https:\/\/dentalclinicnisantasi.com\/he\/wp-json\/wp\/v2\/pages\/5020\/revisions"}],"predecessor-version":[{"id":5024,"href":"https:\/\/dentalclinicnisantasi.com\/he\/wp-json\/wp\/v2\/pages\/5020\/revisions\/5024"}],"wp:attachment":[{"href":"https:\/\/dentalclinicnisantasi.com\/he\/wp-json\/wp\/v2\/media?parent=5020"}],"curies":[{"name":"wp","href":"https:\/\/api.w.org\/{rel}","templated":true}]}}