{"id":4862,"date":"2023-08-02T16:43:22","date_gmt":"2023-08-02T13:43:22","guid":{"rendered":"https:\/\/dentalclinicnisantasi.com\/?page_id=4862"},"modified":"2023-10-12T15:08:01","modified_gmt":"2023-10-12T12:08:01","slug":"%d7%94%d7%a9%d7%aa%d7%9c%d7%aa-%d7%a9%d7%99%d7%a0%d7%99%d7%99%d7%9d-2","status":"publish","type":"page","link":"https:\/\/dentalclinicnisantasi.com\/he\/%d7%94%d7%a9%d7%aa%d7%9c%d7%aa-%d7%a9%d7%99%d7%a0%d7%99%d7%99%d7%9d-2\/","title":{"rendered":"\u05d4\u05e9\u05ea\u05dc\u05ea \u05e9\u05d9\u05e0\u05d9\u05d9\u05dd"},"content":{"rendered":"\t\t<div data-elementor-type=\"wp-page\" data-elementor-id=\"4862\" class=\"elementor elementor-4862 elementor-1333\">\n\t\t\t\t\t\t\t\t\t<section class=\"elementor-section elementor-top-section elementor-element elementor-element-3db1545 elementor-section-boxed elementor-section-height-default elementor-section-height-default\" data-id=\"3db1545\" data-element_type=\"section\">\n\t\t\t\t\t\t<div class=\"elementor-container elementor-column-gap-no\">\n\t\t\t\t\t<div class=\"elementor-column elementor-col-33 elementor-top-column elementor-element elementor-element-e666753\" data-id=\"e666753\" data-element_type=\"column\" data-settings=\"{&quot;background_background&quot;:&quot;classic&quot;}\">\n\t\t\t<div class=\"elementor-widget-wrap elementor-element-populated\">\n\t\t\t\t\t\t\t\t<div class=\"elementor-element elementor-element-e6a97df elementor-widget elementor-widget-image\" data-id=\"e6a97df\" data-element_type=\"widget\" data-widget_type=\"image.default\">\n\t\t\t\t<div class=\"elementor-widget-container\">\n\t\t\t<style>\/*! elementor - v3.16.0 - 14-09-2023 *\/\n.elementor-widget-image{text-align:center}.elementor-widget-image a{display:inline-block}.elementor-widget-image a img[src$=\".svg\"]{width:48px}.elementor-widget-image img{vertical-align:middle;display:inline-block}<\/style>\t\t\t\t\t\t\t\t\t\t\t\t<img decoding=\"async\" width=\"330\" height=\"225\" src=\"https:\/\/dentalclinicnisantasi.com\/wp-content\/uploads\/2023\/08\/sinus-yukseltme.jpg\" class=\"attachment-full size-full wp-image-1335\" alt=\"\" srcset=\"https:\/\/dentalclinicnisantasi.com\/wp-content\/uploads\/2023\/08\/sinus-yukseltme.jpg 330w, https:\/\/dentalclinicnisantasi.com\/wp-content\/uploads\/2023\/08\/sinus-yukseltme-300x205.jpg 300w\" sizes=\"(max-width: 330px) 100vw, 330px\" \/>\t\t\t\t\t\t\t\t\t\t\t\t\t\t\t<\/div>\n\t\t\t\t<\/div>\n\t\t\t\t<div class=\"elementor-element elementor-element-26d2fe4 elementor-widget__width-auto elementor-widget elementor-widget-hub_fancy_heading\" data-id=\"26d2fe4\" data-element_type=\"widget\" data-widget_type=\"hub_fancy_heading.default\">\n\t\t\t\t<div class=\"elementor-widget-container\">\n\t\t\t\n\t\t<div id=\"ld-fancy-heading-69d7d2baeedfd\" class=\"ld-fancy-heading pos-rel\">\n\t\t\t<h6 class=\"ld-fh-element d-inline-block pos-rel  elementor-heading-title lqd-highlight-classic lqd-highlight-grow-left h6\"  > Dental \u0130mplantlar<\/h6>\t\t<\/div>\n\n\t\t\t\t<\/div>\n\t\t\t\t<\/div>\n\t\t\t\t<div class=\"elementor-element elementor-element-d6eaca6 elementor-widget elementor-widget-hub_fancy_heading\" data-id=\"d6eaca6\" data-element_type=\"widget\" data-widget_type=\"hub_fancy_heading.default\">\n\t\t\t\t<div class=\"elementor-widget-container\">\n\t\t\t\n\t\t<div id=\"ld-fancy-heading-69d7d2baef7ff\" class=\"ld-fancy-heading pos-rel\">\n\t\t\t<h2 class=\"ld-fh-element d-inline-block pos-rel  elementor-heading-title lqd-highlight-classic lqd-highlight-grow-left h2\"  > Sin\u00fcs Y\u00fckseltme \u0130\u015flemi (Sin\u00fcs Lifting)<\/h2>\t\t<\/div>\n\n\t\t\t\t<\/div>\n\t\t\t\t<\/div>\n\t\t\t\t<div class=\"elementor-element elementor-element-f634b7d elementor-widget elementor-widget-ld_overlay_link lqd-overlay\" data-id=\"f634b7d\" data-element_type=\"widget\" data-widget_type=\"ld_overlay_link.default\">\n\t\t\t\t<div class=\"elementor-widget-container\">\n\t\t\t\n\t\t\t<a href=\"https:\/\/dentalclinicnisantasi.com\/sinus-yukseltme-islemi\/\"class=\"d-block lqd-overlay z-index-3\">\n\t\t\t\t\t\t\t<\/a>\n\t\t\n\t\t\t\t<\/div>\n\t\t\t\t<\/div>\n\t\t\t\t\t<\/div>\n\t\t<\/div>\n\t\t\t\t<div class=\"elementor-column elementor-col-33 elementor-top-column elementor-element elementor-element-557f136\" data-id=\"557f136\" data-element_type=\"column\" data-settings=\"{&quot;background_background&quot;:&quot;classic&quot;}\">\n\t\t\t<div class=\"elementor-widget-wrap elementor-element-populated\">\n\t\t\t\t\t\t\t\t<div class=\"elementor-element elementor-element-9882362 elementor-widget elementor-widget-image\" data-id=\"9882362\" data-element_type=\"widget\" data-widget_type=\"image.default\">\n\t\t\t\t<div class=\"elementor-widget-container\">\n\t\t\t\t\t\t\t\t\t\t\t\t\t\t\t<img decoding=\"async\" width=\"330\" height=\"225\" src=\"data:image\/svg+xml;charset=utf-8,%3Csvg xmlns%3D&#039;http%3A%2F%2Fwww.w3.org%2F2000%2Fsvg&#039; viewBox%3D&#039;0 0 330 225&#039;%2F%3E\" class=\"attachment-full size-full wp-image-1336 ld-lazyload\" alt=\"\" data-src=\"https:\/\/dentalclinicnisantasi.com\/wp-content\/uploads\/2023\/08\/kemik-yetersizligi.jpg\" data-srcset=\"https:\/\/dentalclinicnisantasi.com\/wp-content\/uploads\/2023\/08\/kemik-yetersizligi.jpg 330w, https:\/\/dentalclinicnisantasi.com\/wp-content\/uploads\/2023\/08\/kemik-yetersizligi-300x205.jpg 300w\" data-sizes=\"(max-width: 330px) 100vw, 330px\" data-aspect=\"1.4666666666667\" \/>\t\t\t\t\t\t\t\t\t\t\t\t\t\t\t<\/div>\n\t\t\t\t<\/div>\n\t\t\t\t<div class=\"elementor-element elementor-element-cd8e06f elementor-widget__width-auto elementor-widget elementor-widget-hub_fancy_heading\" data-id=\"cd8e06f\" data-element_type=\"widget\" data-widget_type=\"hub_fancy_heading.default\">\n\t\t\t\t<div class=\"elementor-widget-container\">\n\t\t\t\n\t\t<div id=\"ld-fancy-heading-69d7d2bb06efe\" class=\"ld-fancy-heading pos-rel\">\n\t\t\t<h6 class=\"ld-fh-element d-inline-block pos-rel  elementor-heading-title lqd-highlight-classic lqd-highlight-grow-left h6\"  > Dental \u0130mplantlar<\/h6>\t\t<\/div>\n\n\t\t\t\t<\/div>\n\t\t\t\t<\/div>\n\t\t\t\t<div class=\"elementor-element elementor-element-5f43646 elementor-widget elementor-widget-hub_fancy_heading\" data-id=\"5f43646\" data-element_type=\"widget\" data-widget_type=\"hub_fancy_heading.default\">\n\t\t\t\t<div class=\"elementor-widget-container\">\n\t\t\t\n\t\t<div id=\"ld-fancy-heading-69d7d2bb0793c\" class=\"ld-fancy-heading pos-rel\">\n\t\t\t<h2 class=\"ld-fh-element d-inline-block pos-rel  elementor-heading-title lqd-highlight-classic lqd-highlight-grow-left h2\"  > Kemik Yetersizli\u011finde \u0130mplant Tedavisi<\/h2>\t\t<\/div>\n\n\t\t\t\t<\/div>\n\t\t\t\t<\/div>\n\t\t\t\t<div class=\"elementor-element elementor-element-8a5384e elementor-widget elementor-widget-ld_overlay_link lqd-overlay\" data-id=\"8a5384e\" data-element_type=\"widget\" data-widget_type=\"ld_overlay_link.default\">\n\t\t\t\t<div class=\"elementor-widget-container\">\n\t\t\t\n\t\t\t<a href=\"https:\/\/dentalclinicnisantasi.com\/kemik-yetersizliginde-implant-tedavisi\/\"class=\"d-block lqd-overlay z-index-3\">\n\t\t\t\t\t\t\t<\/a>\n\t\t\n\t\t\t\t<\/div>\n\t\t\t\t<\/div>\n\t\t\t\t\t<\/div>\n\t\t<\/div>\n\t\t\t\t<div class=\"elementor-column elementor-col-33 elementor-top-column elementor-element elementor-element-254b03c\" data-id=\"254b03c\" data-element_type=\"column\" data-settings=\"{&quot;background_background&quot;:&quot;classic&quot;}\">\n\t\t\t<div class=\"elementor-widget-wrap elementor-element-populated\">\n\t\t\t\t\t\t\t\t<div class=\"elementor-element elementor-element-4cc50dd elementor-widget elementor-widget-image\" data-id=\"4cc50dd\" data-element_type=\"widget\" data-widget_type=\"image.default\">\n\t\t\t\t<div class=\"elementor-widget-container\">\n\t\t\t\t\t\t\t\t\t\t\t\t\t\t\t<img decoding=\"async\" width=\"330\" height=\"225\" src=\"data:image\/svg+xml;charset=utf-8,%3Csvg xmlns%3D&#039;http%3A%2F%2Fwww.w3.org%2F2000%2Fsvg&#039; viewBox%3D&#039;0 0 330 225&#039;%2F%3E\" class=\"attachment-full size-full wp-image-1337 ld-lazyload\" alt=\"\" data-src=\"https:\/\/dentalclinicnisantasi.com\/wp-content\/uploads\/2023\/08\/fast-fixed.jpg\" data-srcset=\"https:\/\/dentalclinicnisantasi.com\/wp-content\/uploads\/2023\/08\/fast-fixed.jpg 330w, https:\/\/dentalclinicnisantasi.com\/wp-content\/uploads\/2023\/08\/fast-fixed-300x205.jpg 300w\" data-sizes=\"(max-width: 330px) 100vw, 330px\" data-aspect=\"1.4666666666667\" \/>\t\t\t\t\t\t\t\t\t\t\t\t\t\t\t<\/div>\n\t\t\t\t<\/div>\n\t\t\t\t<div class=\"elementor-element elementor-element-05056c1 elementor-widget__width-auto elementor-widget elementor-widget-hub_fancy_heading\" data-id=\"05056c1\" data-element_type=\"widget\" data-widget_type=\"hub_fancy_heading.default\">\n\t\t\t\t<div class=\"elementor-widget-container\">\n\t\t\t\n\t\t<div id=\"ld-fancy-heading-69d7d2bb117a1\" class=\"ld-fancy-heading pos-rel\">\n\t\t\t<h6 class=\"ld-fh-element d-inline-block pos-rel  elementor-heading-title lqd-highlight-classic lqd-highlight-grow-left h6\"  > Dental \u0130mplantlar<\/h6>\t\t<\/div>\n\n\t\t\t\t<\/div>\n\t\t\t\t<\/div>\n\t\t\t\t<div class=\"elementor-element elementor-element-be21891 elementor-widget elementor-widget-hub_fancy_heading\" data-id=\"be21891\" data-element_type=\"widget\" data-widget_type=\"hub_fancy_heading.default\">\n\t\t\t\t<div class=\"elementor-widget-container\">\n\t\t\t\n\t\t<div id=\"ld-fancy-heading-69d7d2bb121d1\" class=\"ld-fancy-heading pos-rel\">\n\t\t\t<h2 class=\"ld-fh-element d-inline-block pos-rel  elementor-heading-title lqd-highlight-classic lqd-highlight-grow-left h2\"  > Fast&amp;Fixed Y\u00f6ntemi<\/h2>\t\t<\/div>\n\n\t\t\t\t<\/div>\n\t\t\t\t<\/div>\n\t\t\t\t<div class=\"elementor-element elementor-element-d60691f elementor-widget elementor-widget-ld_overlay_link lqd-overlay\" data-id=\"d60691f\" data-element_type=\"widget\" data-widget_type=\"ld_overlay_link.default\">\n\t\t\t\t<div class=\"elementor-widget-container\">\n\t\t\t\n\t\t\t<a href=\"https:\/\/dentalclinicnisantasi.com\/fastfixed-yontemi\/\"class=\"d-block lqd-overlay z-index-3\">\n\t\t\t\t\t\t\t<\/a>\n\t\t\n\t\t\t\t<\/div>\n\t\t\t\t<\/div>\n\t\t\t\t\t<\/div>\n\t\t<\/div>\n\t\t\t\t<div class=\"elementor-column elementor-col-33 elementor-top-column elementor-element elementor-element-f4c6e48\" data-id=\"f4c6e48\" data-element_type=\"column\" data-settings=\"{&quot;background_background&quot;:&quot;classic&quot;}\">\n\t\t\t<div class=\"elementor-widget-wrap elementor-element-populated\">\n\t\t\t\t\t\t\t\t<div class=\"elementor-element elementor-element-8c2bd8a elementor-widget elementor-widget-image\" data-id=\"8c2bd8a\" data-element_type=\"widget\" data-widget_type=\"image.default\">\n\t\t\t\t<div class=\"elementor-widget-container\">\n\t\t\t\t\t\t\t\t\t\t\t\t\t\t\t<img decoding=\"async\" width=\"330\" height=\"225\" src=\"data:image\/svg+xml;charset=utf-8,%3Csvg xmlns%3D&#039;http%3A%2F%2Fwww.w3.org%2F2000%2Fsvg&#039; viewBox%3D&#039;0 0 330 225&#039;%2F%3E\" class=\"attachment-full size-full wp-image-1338 ld-lazyload\" alt=\"\" data-src=\"https:\/\/dentalclinicnisantasi.com\/wp-content\/uploads\/2023\/08\/dental-implant-t-1.jpg\" data-srcset=\"https:\/\/dentalclinicnisantasi.com\/wp-content\/uploads\/2023\/08\/dental-implant-t-1.jpg 330w, https:\/\/dentalclinicnisantasi.com\/wp-content\/uploads\/2023\/08\/dental-implant-t-1-300x205.jpg 300w\" data-sizes=\"(max-width: 330px) 100vw, 330px\" data-aspect=\"1.4666666666667\" \/>\t\t\t\t\t\t\t\t\t\t\t\t\t\t\t<\/div>\n\t\t\t\t<\/div>\n\t\t\t\t<div class=\"elementor-element elementor-element-cf72305 elementor-widget__width-auto elementor-widget elementor-widget-hub_fancy_heading\" data-id=\"cf72305\" data-element_type=\"widget\" data-widget_type=\"hub_fancy_heading.default\">\n\t\t\t\t<div class=\"elementor-widget-container\">\n\t\t\t\n\t\t<div id=\"ld-fancy-heading-69d7d2bb1dec8\" class=\"ld-fancy-heading pos-rel\">\n\t\t\t<h6 class=\"ld-fh-element d-inline-block pos-rel  elementor-heading-title lqd-highlight-classic lqd-highlight-grow-left h6\"  > Dental \u0130mplantlar<\/h6>\t\t<\/div>\n\n\t\t\t\t<\/div>\n\t\t\t\t<\/div>\n\t\t\t\t<div class=\"elementor-element elementor-element-66db8b7 elementor-widget elementor-widget-hub_fancy_heading\" data-id=\"66db8b7\" data-element_type=\"widget\" data-widget_type=\"hub_fancy_heading.default\">\n\t\t\t\t<div class=\"elementor-widget-container\">\n\t\t\t\n\t\t<div id=\"ld-fancy-heading-69d7d2bb1f008\" class=\"ld-fancy-heading pos-rel\">\n\t\t\t<h2 class=\"ld-fh-element d-inline-block pos-rel  elementor-heading-title lqd-highlight-classic lqd-highlight-grow-left h2\"  > Dental \u0130mplant<\/h2>\t\t<\/div>\n\n\t\t\t\t<\/div>\n\t\t\t\t<\/div>\n\t\t\t\t<div class=\"elementor-element elementor-element-65f8445 elementor-widget elementor-widget-ld_overlay_link lqd-overlay\" data-id=\"65f8445\" data-element_type=\"widget\" data-widget_type=\"ld_overlay_link.default\">\n\t\t\t\t<div class=\"elementor-widget-container\">\n\t\t\t\n\t\t\t<a href=\"https:\/\/dentalclinicnisantasi.com\/dental-implant\/\"class=\"d-block lqd-overlay z-index-3\">\n\t\t\t\t\t\t\t<\/a>\n\t\t\n\t\t\t\t<\/div>\n\t\t\t\t<\/div>\n\t\t\t\t\t<\/div>\n\t\t<\/div>\n\t\t\t\t\t\t\t<\/div>\n\t\t<\/section>\n\t\t\t\t<section class=\"elementor-section elementor-top-section elementor-element elementor-element-372eed5 elementor-reverse-mobile elementor-section-boxed elementor-section-height-default elementor-section-height-default\" data-id=\"372eed5\" data-element_type=\"section\">\n\t\t\t\t\t\t<div class=\"elementor-container elementor-column-gap-default\">\n\t\t\t\t\t<div class=\"elementor-column elementor-col-50 elementor-top-column elementor-element elementor-element-acaecff\" data-id=\"acaecff\" data-element_type=\"column\" data-settings=\"{&quot;background_background&quot;:&quot;classic&quot;}\">\n\t\t\t<div class=\"elementor-widget-wrap elementor-element-populated\">\n\t\t\t\t\t\t\t\t<div class=\"elementor-element elementor-element-d756629 elementor-widget elementor-widget-hub_fancy_heading\" data-id=\"d756629\" data-element_type=\"widget\" data-widget_type=\"hub_fancy_heading.default\">\n\t\t\t\t<div class=\"elementor-widget-container\">\n\t\t\t\n\t\t<div id=\"ld-fancy-heading-69d7d2bb21587\" class=\"ld-fancy-heading pos-rel\">\n\t\t\t<h2 class=\"ld-fh-element d-inline-block pos-rel  elementor-heading-title lqd-highlight-classic lqd-highlight-grow-left h2\"  > \u05e6\u05d5\u05e8 \u05e7\u05e9\u05e8<\/h2>\t\t<\/div>\n\n\t\t\t\t<\/div>\n\t\t\t\t<\/div>\n\t\t\t\t<div class=\"elementor-element elementor-element-e283b33 elementor-widget elementor-widget-hub_fancy_heading\" data-id=\"e283b33\" data-element_type=\"widget\" data-widget_type=\"hub_fancy_heading.default\">\n\t\t\t\t<div class=\"elementor-widget-container\">\n\t\t\t\n\t\t<div id=\"ld-fancy-heading-69d7d2bb21f4d\" class=\"ld-fancy-heading pos-rel\">\n\t\t\t<p class=\"ld-fh-element d-inline-block pos-rel  lqd-highlight-classic lqd-highlight-grow-left p\"  > \u05ea\u05d5\u05db\u05dc \u05dc\u05e7\u05d1\u05dc \u05de\u05d9\u05d3\u05e2 \u05de\u05e4\u05d5\u05e8\u05d8 \u05e2\u05dc \u05ea\u05d5\u05db\u05e0\u05d9\u05ea \u05d4\u05d8\u05d9\u05e4\u05d5\u05dc \u05e9\u05dc\u05da \u05e2\u05dc \u05d9\u05d3\u05d9 \u05e4\u05e0\u05d9\u05d9\u05d4 \u05dc\u05d9\u05d5\u05e2\u05e6\u05d9 \u05d4\u05d1\u05e8\u05d9\u05d0\u05d5\u05ea \u05e9\u05dc\u05e0\u05d5.<\/p>\t\t<\/div>\n\n\t\t\t\t<\/div>\n\t\t\t\t<\/div>\n\t\t\t\t<div class=\"elementor-element elementor-element-b9400d1 elementor-widget elementor-widget-ld_button\" data-id=\"b9400d1\" data-element_type=\"widget\" data-widget_type=\"ld_button.default\">\n\t\t\t\t<div class=\"elementor-widget-container\">\n\t\t\t\n\t\t\t<a\n\t\t\t\thref=\"https:\/\/dentalclinicnisantasi.com\/iletisim\/\"class=\"elementor-button btn btn-solid btn-icon-right btn-icon-circle btn-icon-custom-size btn-icon-shaped btn-icon-solid btn-has-label\"\t\t\t>\n\t\t\t\t\t\t\t\t\t<span data-text=\"\u05e6\u05d5\u05e8 \u05e7\u05e9\u05e8\" class=\"btn-txt\">\n\t\t\t\t\t\t\u05e6\u05d5\u05e8 \u05e7\u05e9\u05e8\t\t\t\t\t<\/span>\n\t\t\t\t\t\t\t\t\t\t\t\t\t\t<span class=\"btn-icon\">\n\t\t\t\t\t\t\t<i aria-hidden=\"true\" class=\"lqd-icn-ess icon-ion-ios-arrow-forward\"><\/i>\t\t\t\t\t\t<\/span>\n\t\t\t\t\t\t\t\t\t<\/a>\n\t\t\t\t\t<\/div>\n\t\t\t\t<\/div>\n\t\t\t\t\t<\/div>\n\t\t<\/div>\n\t\t\t\t<div class=\"elementor-column elementor-col-50 elementor-top-column elementor-element elementor-element-0b1b4ea\" data-id=\"0b1b4ea\" data-element_type=\"column\" data-settings=\"{&quot;background_background&quot;:&quot;classic&quot;}\">\n\t\t\t<div class=\"elementor-widget-wrap elementor-element-populated\">\n\t\t\t\t\t\t\t\t<div class=\"elementor-element elementor-element-7b7d8d9 elementor-widget elementor-widget-image\" data-id=\"7b7d8d9\" data-element_type=\"widget\" data-widget_type=\"image.default\">\n\t\t\t\t<div class=\"elementor-widget-container\">\n\t\t\t\t\t\t\t\t\t\t\t\t\t\t\t<img decoding=\"async\" width=\"470\" height=\"450\" src=\"data:image\/svg+xml;charset=utf-8,%3Csvg xmlns%3D&#039;http%3A%2F%2Fwww.w3.org%2F2000%2Fsvg&#039; viewBox%3D&#039;0 0 470 450&#039;%2F%3E\" class=\"attachment-full size-full wp-image-1319 ld-lazyload\" alt=\"\" data-src=\"https:\/\/dentalclinicnisantasi.com\/wp-content\/uploads\/2023\/08\/iletisim.jpg\" data-srcset=\"https:\/\/dentalclinicnisantasi.com\/wp-content\/uploads\/2023\/08\/iletisim.jpg 470w, https:\/\/dentalclinicnisantasi.com\/wp-content\/uploads\/2023\/08\/iletisim-300x287.jpg 300w\" data-sizes=\"(max-width: 470px) 100vw, 470px\" data-aspect=\"1.0444444444444\" \/>\t\t\t\t\t\t\t\t\t\t\t\t\t\t\t<\/div>\n\t\t\t\t<\/div>\n\t\t\t\t\t<\/div>\n\t\t<\/div>\n\t\t\t\t\t\t\t<\/div>\n\t\t<\/section>\n\t\t\t\t\t\t\t<\/div>\n\t\t","protected":false},"excerpt":{"rendered":"<p>Dental \u0130mplantlar Sin\u00fcs Y\u00fckseltme \u0130\u015flemi (Sin\u00fcs Lifting) Dental \u0130mplantlar Kemik Yetersizli\u011finde \u0130mplant Tedavisi Dental \u0130mplantlar Fast&amp;Fixed Y\u00f6ntemi Dental \u0130mplantlar Dental \u0130mplant \u05e6\u05d5\u05e8 \u05e7\u05e9\u05e8 \u05ea\u05d5\u05db\u05dc \u05dc\u05e7\u05d1\u05dc \u05de\u05d9\u05d3\u05e2 \u05de\u05e4\u05d5\u05e8\u05d8 \u05e2\u05dc \u05ea\u05d5\u05db\u05e0\u05d9\u05ea \u05d4\u05d8\u05d9\u05e4\u05d5\u05dc \u05e9\u05dc\u05da \u05e2\u05dc \u05d9\u05d3\u05d9 \u05e4\u05e0\u05d9\u05d9\u05d4 \u05dc\u05d9\u05d5\u05e2\u05e6\u05d9 \u05d4\u05d1\u05e8\u05d9\u05d0\u05d5\u05ea \u05e9\u05dc\u05e0\u05d5. \u05e6\u05d5\u05e8 \u05e7\u05e9\u05e8<\/p>\n","protected":false},"author":1,"featured_media":0,"parent":0,"menu_order":0,"comment_status":"closed","ping_status":"closed","template":"","meta":{"footnotes":""},"class_list":["post-4862","page","type-page","status-publish","hentry"],"_links":{"self":[{"href":"https:\/\/dentalclinicnisantasi.com\/he\/wp-json\/wp\/v2\/pages\/4862","targetHints":{"allow":["GET"]}}],"collection":[{"href":"https:\/\/dentalclinicnisantasi.com\/he\/wp-json\/wp\/v2\/pages"}],"about":[{"href":"https:\/\/dentalclinicnisantasi.com\/he\/wp-json\/wp\/v2\/types\/page"}],"author":[{"embeddable":true,"href":"https:\/\/dentalclinicnisantasi.com\/he\/wp-json\/wp\/v2\/users\/1"}],"replies":[{"embeddable":true,"href":"https:\/\/dentalclinicnisantasi.com\/he\/wp-json\/wp\/v2\/comments?post=4862"}],"version-history":[{"count":10,"href":"https:\/\/dentalclinicnisantasi.com\/he\/wp-json\/wp\/v2\/pages\/4862\/revisions"}],"predecessor-version":[{"id":4968,"href":"https:\/\/dentalclinicnisantasi.com\/he\/wp-json\/wp\/v2\/pages\/4862\/revisions\/4968"}],"wp:attachment":[{"href":"https:\/\/dentalclinicnisantasi.com\/he\/wp-json\/wp\/v2\/media?parent=4862"}],"curies":[{"name":"wp","href":"https:\/\/api.w.org\/{rel}","templated":true}]}}