{"id":4783,"date":"2023-08-22T17:13:12","date_gmt":"2023-08-22T14:13:12","guid":{"rendered":"https:\/\/dentalclinicnisantasi.com\/?page_id=4783"},"modified":"2023-10-09T15:35:38","modified_gmt":"2023-10-09T12:35:38","slug":"%d7%a4%d7%a8%d7%98%d7%99-%d7%97%d7%a9%d7%91%d7%95%d7%9f-%d7%94%d7%91%d7%a0%d7%a7-%d7%a9%d7%9c%d7%a0%d7%95","status":"publish","type":"page","link":"https:\/\/dentalclinicnisantasi.com\/he\/%d7%a4%d7%a8%d7%98%d7%99-%d7%97%d7%a9%d7%91%d7%95%d7%9f-%d7%94%d7%91%d7%a0%d7%a7-%d7%a9%d7%9c%d7%a0%d7%95\/","title":{"rendered":"\u05e4\u05e8\u05d8\u05d9 \u05d7\u05e9\u05d1\u05d5\u05df \u05d4\u05d1\u05e0\u05e7 \u05e9\u05dc\u05e0\u05d5"},"content":{"rendered":"\t\t<div data-elementor-type=\"wp-page\" data-elementor-id=\"4783\" class=\"elementor elementor-4783 elementor-1982\">\n\t\t\t\t\t\t\t<div class=\"elementor-element elementor-element-410a748 e-flex e-con-boxed e-con e-parent\" data-id=\"410a748\" data-element_type=\"container\" data-settings=\"{&quot;content_width&quot;:&quot;boxed&quot;}\" data-core-v316-plus=\"true\">\n\t\t\t\t\t<div class=\"e-con-inner\">\n\t\t<div class=\"elementor-element elementor-element-b2e0a94 e-con-full e-flex e-con e-child\" data-id=\"b2e0a94\" data-element_type=\"container\" data-settings=\"{&quot;content_width&quot;:&quot;full&quot;}\">\n\t\t\t\t<div class=\"elementor-element elementor-element-ea056af elementor-widget elementor-widget-text-editor\" data-id=\"ea056af\" data-element_type=\"widget\" data-widget_type=\"text-editor.default\">\n\t\t\t\t<div class=\"elementor-widget-container\">\n\t\t\t<style>\/*! elementor - v3.16.0 - 14-09-2023 *\/\n.elementor-widget-text-editor.elementor-drop-cap-view-stacked .elementor-drop-cap{background-color:#69727d;color:#fff}.elementor-widget-text-editor.elementor-drop-cap-view-framed .elementor-drop-cap{color:#69727d;border:3px solid;background-color:transparent}.elementor-widget-text-editor:not(.elementor-drop-cap-view-default) .elementor-drop-cap{margin-top:8px}.elementor-widget-text-editor:not(.elementor-drop-cap-view-default) .elementor-drop-cap-letter{width:1em;height:1em}.elementor-widget-text-editor .elementor-drop-cap{float:left;text-align:center;line-height:1;font-size:50px}.elementor-widget-text-editor .elementor-drop-cap-letter{display:inline-block}<\/style>\t\t\t\t<p><strong><u>T\u00fcrk Liras\u0131<\/u><\/strong><\/p><p><strong>\u05d1\u05bc\u05b7\u05e0\u05e7:<\/strong> Garanti Bankas\u0131<br \/><strong>\u05e9\u05dd \u05d4\u05d7\u05e9\u05d1\u05d5\u05df:<\/strong> Ni\u015fanta\u015f\u0131 Klini\u011fi A\u011f\u0131z ve Di\u015f Sa\u011fl\u0131\u011f\u0131 Hizmetleri San. ve Tic. Ltd. \u015eti.<br \/><strong>IBAN:<\/strong> TR86 0006 2000 1830 0006 2953 04<\/p>\t\t\t\t\t\t<\/div>\n\t\t\t\t<\/div>\n\t\t\t\t<\/div>\n\t\t<div class=\"elementor-element elementor-element-3b22a39 e-con-full e-flex e-con e-child\" data-id=\"3b22a39\" data-element_type=\"container\" data-settings=\"{&quot;content_width&quot;:&quot;full&quot;}\">\n\t\t\t\t<div class=\"elementor-element elementor-element-f6cca04 elementor-widget elementor-widget-text-editor\" data-id=\"f6cca04\" data-element_type=\"widget\" data-widget_type=\"text-editor.default\">\n\t\t\t\t<div class=\"elementor-widget-container\">\n\t\t\t\t\t\t\t<p><strong><u>Amerikan Dolar\u0131<\/u><\/strong><\/p><p><strong>\u05d1\u05bc\u05b7\u05e0\u05e7:<\/strong> Garanti Bankas\u0131<br \/><strong>\u05e9\u05dd \u05d4\u05d7\u05e9\u05d1\u05d5\u05df:<\/strong> Ni\u015fanta\u015f\u0131 Klini\u011fi A\u011f\u0131z ve Di\u015f Sa\u011fl\u0131\u011f\u0131 Hizmetleri San. ve Tic. Ltd. \u015eti.<br \/><strong>\u0130ban:<\/strong> TR53 0006 2000 1830 0009 0700 98<\/p><p><strong>BIC (Swift Kodu):<\/strong> TGBATRISXXX<\/p>\t\t\t\t\t\t<\/div>\n\t\t\t\t<\/div>\n\t\t\t\t<\/div>\n\t\t\t\t\t<\/div>\n\t\t\t\t<\/div>\n\t\t<div class=\"elementor-element elementor-element-c1e28e0 e-flex e-con-boxed e-con e-parent\" data-id=\"c1e28e0\" data-element_type=\"container\" data-settings=\"{&quot;content_width&quot;:&quot;boxed&quot;}\" data-core-v316-plus=\"true\">\n\t\t\t\t\t<div class=\"e-con-inner\">\n\t\t<div class=\"elementor-element elementor-element-1cc4172 e-con-full e-flex e-con e-child\" data-id=\"1cc4172\" data-element_type=\"container\" data-settings=\"{&quot;content_width&quot;:&quot;full&quot;}\">\n\t\t\t\t<div class=\"elementor-element elementor-element-1c76c98 elementor-widget elementor-widget-text-editor\" data-id=\"1c76c98\" data-element_type=\"widget\" data-widget_type=\"text-editor.default\">\n\t\t\t\t<div class=\"elementor-widget-container\">\n\t\t\t\t\t\t\t<p><strong><u>Euro<\/u><\/strong><\/p><p><strong>\u05d1\u05bc\u05b7\u05e0\u05e7:<\/strong> Garanti Bankas\u0131<br \/><strong>\u05e9\u05dd \u05d4\u05d7\u05e9\u05d1\u05d5\u05df:<\/strong> Ni\u015fanta\u015f\u0131 Klini\u011fi A\u011f\u0131z ve Di\u015f Sa\u011fl\u0131\u011f\u0131 Hizmetleri San. ve Tic. Ltd. \u015eti.<br \/><strong>IBAN:<\/strong> TR89 0006 2000 1830 0009 0711 96<\/p><p><strong>BIC:<\/strong> TGBATRISXXX<\/p>\t\t\t\t\t\t<\/div>\n\t\t\t\t<\/div>\n\t\t\t\t<\/div>\n\t\t<div class=\"elementor-element elementor-element-4b7a449 e-con-full e-flex e-con e-child\" data-id=\"4b7a449\" data-element_type=\"container\" data-settings=\"{&quot;content_width&quot;:&quot;full&quot;}\">\n\t\t\t\t<\/div>\n\t\t\t\t\t<\/div>\n\t\t\t\t<\/div>\n\t\t\t\t\t\t\t<\/div>\n\t\t","protected":false},"excerpt":{"rendered":"<p>T\u00fcrk Liras\u0131 \u05d1\u05bc\u05b7\u05e0\u05e7: Garanti Bankas\u0131\u05e9\u05dd \u05d4\u05d7\u05e9\u05d1\u05d5\u05df: Ni\u015fanta\u015f\u0131 Klini\u011fi A\u011f\u0131z ve Di\u015f Sa\u011fl\u0131\u011f\u0131 Hizmetleri San. ve Tic. Ltd. \u015eti.IBAN: TR86 0006 2000 1830 0006 2953 04 Amerikan Dolar\u0131 \u05d1\u05bc\u05b7\u05e0\u05e7: Garanti Bankas\u0131\u05e9\u05dd \u05d4\u05d7\u05e9\u05d1\u05d5\u05df: Ni\u015fanta\u015f\u0131 Klini\u011fi A\u011f\u0131z ve Di\u015f Sa\u011fl\u0131\u011f\u0131 Hizmetleri San. ve Tic. Ltd. \u015eti.\u0130ban: TR53 0006 2000 1830 0009 0700 98 BIC (Swift Kodu): TGBATRISXXX Euro [&hellip;]<\/p>\n","protected":false},"author":1,"featured_media":0,"parent":0,"menu_order":0,"comment_status":"closed","ping_status":"closed","template":"","meta":{"footnotes":""},"class_list":["post-4783","page","type-page","status-publish","hentry"],"_links":{"self":[{"href":"https:\/\/dentalclinicnisantasi.com\/he\/wp-json\/wp\/v2\/pages\/4783","targetHints":{"allow":["GET"]}}],"collection":[{"href":"https:\/\/dentalclinicnisantasi.com\/he\/wp-json\/wp\/v2\/pages"}],"about":[{"href":"https:\/\/dentalclinicnisantasi.com\/he\/wp-json\/wp\/v2\/types\/page"}],"author":[{"embeddable":true,"href":"https:\/\/dentalclinicnisantasi.com\/he\/wp-json\/wp\/v2\/users\/1"}],"replies":[{"embeddable":true,"href":"https:\/\/dentalclinicnisantasi.com\/he\/wp-json\/wp\/v2\/comments?post=4783"}],"version-history":[{"count":4,"href":"https:\/\/dentalclinicnisantasi.com\/he\/wp-json\/wp\/v2\/pages\/4783\/revisions"}],"predecessor-version":[{"id":4787,"href":"https:\/\/dentalclinicnisantasi.com\/he\/wp-json\/wp\/v2\/pages\/4783\/revisions\/4787"}],"wp:attachment":[{"href":"https:\/\/dentalclinicnisantasi.com\/he\/wp-json\/wp\/v2\/media?parent=4783"}],"curies":[{"name":"wp","href":"https:\/\/api.w.org\/{rel}","templated":true}]}}