{"id":4159,"date":"2023-08-13T17:03:33","date_gmt":"2023-08-13T14:03:33","guid":{"rendered":"https:\/\/dentalclinicnisantasi.com\/onam-formlari\/"},"modified":"2025-06-20T16:10:18","modified_gmt":"2025-06-20T13:10:18","slug":"formulaires-de-consentement","status":"publish","type":"page","link":"https:\/\/dentalclinicnisantasi.com\/fr\/formulaires-de-consentement\/","title":{"rendered":"Formulaires de consentement"},"content":{"rendered":"\t\t<div data-elementor-type=\"wp-page\" data-elementor-id=\"4159\" class=\"elementor elementor-4159 elementor-1701\">\n\t\t\t\t\t\t\t<div class=\"elementor-element elementor-element-0cb633d e-flex e-con-boxed e-con e-parent\" data-id=\"0cb633d\" data-element_type=\"container\" data-settings=\"{&quot;content_width&quot;:&quot;boxed&quot;}\" data-core-v316-plus=\"true\">\n\t\t\t\t\t<div class=\"e-con-inner\">\n\t\t\t\t<div class=\"elementor-element elementor-element-3f268c0 elementor-widget elementor-widget-text-editor\" data-id=\"3f268c0\" data-element_type=\"widget\" data-widget_type=\"text-editor.default\">\n\t\t\t\t<div class=\"elementor-widget-container\">\n\t\t\t<style>\/*! elementor - v3.16.0 - 14-09-2023 *\/\n.elementor-widget-text-editor.elementor-drop-cap-view-stacked .elementor-drop-cap{background-color:#69727d;color:#fff}.elementor-widget-text-editor.elementor-drop-cap-view-framed .elementor-drop-cap{color:#69727d;border:3px solid;background-color:transparent}.elementor-widget-text-editor:not(.elementor-drop-cap-view-default) .elementor-drop-cap{margin-top:8px}.elementor-widget-text-editor:not(.elementor-drop-cap-view-default) .elementor-drop-cap-letter{width:1em;height:1em}.elementor-widget-text-editor .elementor-drop-cap{float:left;text-align:center;line-height:1;font-size:50px}.elementor-widget-text-editor .elementor-drop-cap-letter{display:inline-block}<\/style>\t\t\t\t<h3 style=\"text-align: center;\"><span style=\"color: #545454;\">Vous pouvez t\u00e9l\u00e9charger les documents du formulaire de consentement \u00e0 partir des liens ci-dessous.<\/span><\/h3>\t\t\t\t\t\t<\/div>\n\t\t\t\t<\/div>\n\t\t\t\t\t<\/div>\n\t\t\t\t<\/div>\n\t\t<div class=\"elementor-element elementor-element-6e5d639 e-flex e-con-boxed e-con e-parent\" data-id=\"6e5d639\" data-element_type=\"container\" data-settings=\"{&quot;content_width&quot;:&quot;boxed&quot;}\" data-core-v316-plus=\"true\">\n\t\t\t\t\t<div class=\"e-con-inner\">\n\t\t<div class=\"elementor-element elementor-element-097af0a e-con-full e-flex e-con e-child\" data-id=\"097af0a\" data-element_type=\"container\" data-settings=\"{&quot;content_width&quot;:&quot;full&quot;}\">\n\t\t\t\t<div class=\"elementor-element elementor-element-82c062f elementor-widget elementor-widget-text-editor\" data-id=\"82c062f\" data-element_type=\"widget\" data-widget_type=\"text-editor.default\">\n\t\t\t\t<div class=\"elementor-widget-container\">\n\t\t\t\t\t\t\t<p><span style=\"text-decoration: underline; font-size: 18px; color: #545454;\"><a style=\"color: #545454; text-decoration: underline;\" href=\"https:\/\/dentalclinicnisantasi.com\/wp-content\/uploads\/2023\/09\/FR-anamnez-formu-.docx\">Cliquez ici pour t\u00e9l\u00e9charger le formulaire d\u2019anamn\u00e8se.<\/a><\/span><\/p><p><span style=\"text-decoration: underline; font-size: 18px; color: #545454;\"><a style=\"color: #545454; text-decoration: underline;\" href=\"https:\/\/dentalclinicnisantasi.com\/wp-content\/uploads\/2023\/08\/Epikriz-Formu.docx\">Cliquez ici pour t\u00e9l\u00e9charger le formulaire Epicyriz.<\/a><\/span><\/p><p><span style=\"text-decoration: underline;\"><a href=\"https:\/\/dentalclinicnisantasi.com\/wp-content\/uploads\/2023\/09\/FR-DiS-ve-Aene-Cerrahisi-kopyasi.docx\">Chirurgie buccale et maxillo-faciale<\/a><\/span><\/p><p><span style=\"text-decoration: underline;\"><a href=\"https:\/\/dentalclinicnisantasi.com\/wp-content\/uploads\/2023\/09\/FR-DIS-BEYAZLATMA-SONRASI-DIKKAT-EDILMESI-GEREKENLER.docx\">Choses \u00e0 consid\u00e9rer apr\u00e8s le blanchiment des dents<\/a><\/span><\/p><p><span style=\"text-decoration: underline;\"><a href=\"https:\/\/dentalclinicnisantasi.com\/wp-content\/uploads\/2023\/09\/FR-Diu-Beyazlatma-kopyasi.docx\">Blanchiment des dents<\/a><\/span><\/p><p><span style=\"text-decoration: underline;\"><a href=\"https:\/\/dentalclinicnisantasi.com\/wp-content\/uploads\/2023\/09\/FR-DIS-CEKIMI-SONRASI-DIKKAT-EDILMESI-GEREKENLER.docx\">Choses \u00e0 consid\u00e9rer apr\u00e8s l\u2019extraction dentaire<\/a><\/span><\/p><p><span style=\"text-decoration: underline;\"><a href=\"https:\/\/dentalclinicnisantasi.com\/wp-content\/uploads\/2023\/09\/FR-Diu-Aekimi-kopyasi.docx\">Extraction dentaire<\/a><\/span><\/p><p><span style=\"text-decoration: underline;\"><a href=\"https:\/\/dentalclinicnisantasi.com\/wp-content\/uploads\/2023\/09\/FR-Diu-Tauc-Temizlisi-kopyasi.docx\">Nettoyage du tartare<\/a><\/span><\/p><p><span style=\"text-decoration: underline;\"><a href=\"https:\/\/dentalclinicnisantasi.com\/wp-content\/uploads\/2023\/09\/FR-DOLGU-SONRASI-DIKKAT-EDILMESI-GEREKENLER.docx\">\u00c9l\u00e9ments \u00e0 consid\u00e9rer apr\u00e8s le remplissage<\/a><\/span><\/p><p><span style=\"text-decoration: underline;\"><a href=\"https:\/\/dentalclinicnisantasi.com\/wp-content\/uploads\/2023\/09\/FR-Hareketli-Protezler-kopyasi.docx\">Proth\u00e8ses amovibles<\/a><\/span><\/p><p><span style=\"text-decoration: underline;\"><a href=\"https:\/\/dentalclinicnisantasi.com\/wp-content\/uploads\/2023\/09\/FR-IMPLANT-TEDAVISI-SONRASI-DIKKAT-EDILMESI-GEREKENLER.docx\">\u00c9l\u00e9ments \u00e0 consid\u00e9rer apr\u00e8s le traitement implantaire<\/a><\/span><\/p>\t\t\t\t\t\t<\/div>\n\t\t\t\t<\/div>\n\t\t\t\t<\/div>\n\t\t<div class=\"elementor-element elementor-element-78e05a3 e-con-full e-flex e-con e-child\" data-id=\"78e05a3\" data-element_type=\"container\" data-settings=\"{&quot;content_width&quot;:&quot;full&quot;}\">\n\t\t\t\t<div class=\"elementor-element elementor-element-4a31b0b elementor-widget elementor-widget-text-editor\" data-id=\"4a31b0b\" data-element_type=\"widget\" data-widget_type=\"text-editor.default\">\n\t\t\t\t<div class=\"elementor-widget-container\">\n\t\t\t\t\t\t\t<p><span style=\"text-decoration: underline;\"><a href=\"https:\/\/dentalclinicnisantasi.com\/wp-content\/uploads\/2023\/09\/FR-omplant-kopyasi.docx\">Traitement implantaire<\/a><\/span><\/p><p><span style=\"text-decoration: underline;\"><a href=\"https:\/\/dentalclinicnisantasi.com\/wp-content\/uploads\/2023\/09\/FR-KANAL-TEDAVISI-SONRASI-DIKKAT-EDILMESI-GEREKENLER.docx\">Choses \u00e0 consid\u00e9rer apr\u00e8s le traitement de canal<\/a><\/span><\/p><p><span style=\"text-decoration: underline;\"><a href=\"https:\/\/dentalclinicnisantasi.com\/wp-content\/uploads\/2023\/09\/FR-Kanal-Tedavisi-kopyasi.docx\">Traitement de canal<\/a><\/span><\/p><p><span style=\"text-decoration: underline;\"><a href=\"https:\/\/dentalclinicnisantasi.com\/wp-content\/uploads\/2023\/09\/FR-Lokal-Anestezi.docx\">Anesth\u00e9sie locale<\/a><\/span><\/p><p><span style=\"text-decoration: underline;\"><a href=\"https:\/\/dentalclinicnisantasi.com\/wp-content\/uploads\/2023\/09\/FR-Ortodontik-Tedavi-Bitim-Protokolu.docx\">Protocole d\u2019ach\u00e8vement du traitement orthodontique<\/a><\/span><\/p><p><span style=\"text-decoration: underline;\"><a href=\"https:\/\/dentalclinicnisantasi.com\/wp-content\/uploads\/2023\/09\/FR-Periodontal-Cerrahi.docx\">Chirurgie p\u00e9riodique<\/a><\/span><\/p><p><span style=\"text-decoration: underline;\"><a href=\"https:\/\/dentalclinicnisantasi.com\/wp-content\/uploads\/2023\/09\/FR-Protetik-Tedavi-Bitim-Onayi.docx\">Approbation finale du traitement proth\u00e9tique<\/a><\/span><\/p><p><span style=\"text-decoration: underline;\"><a href=\"https:\/\/dentalclinicnisantasi.com\/wp-content\/uploads\/2023\/09\/FR-Restoratif-Diu-Tedavisi-kopyasi.docx\">Dentisterie restauratrice<\/a><\/span><\/p><p><span style=\"text-decoration: underline;\"><a href=\"https:\/\/dentalclinicnisantasi.com\/wp-content\/uploads\/2023\/09\/Rontgen.docx\">Rayon X<\/a><\/span><\/p><p><span style=\"text-decoration: underline;\"><a href=\"https:\/\/dentalclinicnisantasi.com\/wp-content\/uploads\/2023\/09\/FR-SABIT-ORTODONTIK-TEDAVILER-SONRASI-DIKKAT-EDILMESI-GEREKENLER.docx\">\u00c9l\u00e9ments \u00e0 consid\u00e9rer apr\u00e8s des traitements orthodontiques fixes<\/a><\/span><\/p><p><span style=\"text-decoration: underline;\"><a href=\"https:\/\/dentalclinicnisantasi.com\/wp-content\/uploads\/2023\/09\/FR-Sabit-Protezler-kopyasi.docx\">Proth\u00e8ses fixes<\/a><\/span><\/p>\t\t\t\t\t\t<\/div>\n\t\t\t\t<\/div>\n\t\t\t\t<\/div>\n\t\t\t\t\t<\/div>\n\t\t\t\t<\/div>\n\t\t\t\t\t\t\t<\/div>\n\t\t","protected":false},"excerpt":{"rendered":"<p>Vous pouvez t\u00e9l\u00e9charger les documents du formulaire de consentement \u00e0 partir des liens ci-dessous. Cliquez ici pour t\u00e9l\u00e9charger le formulaire d\u2019anamn\u00e8se. Cliquez ici pour t\u00e9l\u00e9charger le formulaire Epicyriz. Chirurgie buccale et maxillo-faciale Choses \u00e0 consid\u00e9rer apr\u00e8s le blanchiment des dents Blanchiment des dents Choses \u00e0 consid\u00e9rer apr\u00e8s l\u2019extraction dentaire Extraction dentaire Nettoyage du tartare \u00c9l\u00e9ments [&hellip;]<\/p>\n","protected":false},"author":1,"featured_media":0,"parent":0,"menu_order":0,"comment_status":"closed","ping_status":"closed","template":"","meta":{"footnotes":""},"class_list":["post-4159","page","type-page","status-publish","hentry"],"_links":{"self":[{"href":"https:\/\/dentalclinicnisantasi.com\/fr\/wp-json\/wp\/v2\/pages\/4159","targetHints":{"allow":["GET"]}}],"collection":[{"href":"https:\/\/dentalclinicnisantasi.com\/fr\/wp-json\/wp\/v2\/pages"}],"about":[{"href":"https:\/\/dentalclinicnisantasi.com\/fr\/wp-json\/wp\/v2\/types\/page"}],"author":[{"embeddable":true,"href":"https:\/\/dentalclinicnisantasi.com\/fr\/wp-json\/wp\/v2\/users\/1"}],"replies":[{"embeddable":true,"href":"https:\/\/dentalclinicnisantasi.com\/fr\/wp-json\/wp\/v2\/comments?post=4159"}],"version-history":[{"count":11,"href":"https:\/\/dentalclinicnisantasi.com\/fr\/wp-json\/wp\/v2\/pages\/4159\/revisions"}],"predecessor-version":[{"id":6313,"href":"https:\/\/dentalclinicnisantasi.com\/fr\/wp-json\/wp\/v2\/pages\/4159\/revisions\/6313"}],"wp:attachment":[{"href":"https:\/\/dentalclinicnisantasi.com\/fr\/wp-json\/wp\/v2\/media?parent=4159"}],"curies":[{"name":"wp","href":"https:\/\/api.w.org\/{rel}","templated":true}]}}