{"id":4052,"date":"2023-08-16T15:26:18","date_gmt":"2023-08-16T12:26:18","guid":{"rendered":"https:\/\/dentalclinicnisantasi.com\/kvkk\/"},"modified":"2025-06-21T01:04:19","modified_gmt":"2025-06-20T22:04:19","slug":"kvkk","status":"publish","type":"page","link":"https:\/\/dentalclinicnisantasi.com\/fr\/kvkk\/","title":{"rendered":"Protection des donn\u00e9es personnelles"},"content":{"rendered":"<ul>\n<li>Texte d&rsquo;information concernant le traitement des donn\u00e9es personnelles re\u00e7ues via les formulaires<\/li>\n<li>Notre clinique demande certaines de vos donn\u00e9es personnelles (telles que votre nom, pr\u00e9nom, mot de passe, adresse e-mail, num\u00e9ro de t\u00e9l\u00e9phone portable) afin de remplir ses obligations l\u00e9gales d\u00e9coulant de la l\u00e9gislation en vigueur, notamment la loi sur la protection des donn\u00e9es personnelles n\u00b0 6698, et pour mener \u00e0 bien les processus. Sur la base de votre consentement explicite, vos donn\u00e9es personnelles seront trait\u00e9es et stock\u00e9es dans un environnement non accessible \u00e0 tous, \u00e0 condition qu&rsquo;elles ne soient pas utilis\u00e9es \u00e0 des fins autres que celles sp\u00e9cifi\u00e9es dans la pr\u00e9sente loi sur la protection des donn\u00e9es personnelles et le texte d&rsquo;information.<\/li>\n<li>Finalit\u00e9 du traitement des donn\u00e9es personnelles<\/li>\n<li>Donn\u00e9es personnelles dans notre clinique\u00a0; La planification et l&rsquo;ex\u00e9cution d&rsquo;activit\u00e9s commerciales, la fourniture d&rsquo;informations aux institutions et organisations autoris\u00e9es d\u00e9coulant de la l\u00e9gislation, la r\u00e9solution des plaintes des consommateurs sur des questions qui ne sont pas directement fournies par nous et en dehors de notre domaine d&rsquo;expertise, l&rsquo;envoi et l&rsquo;audit de messages \u00e9lectroniques commerciaux si vous donnez votre consentement explicite sont n\u00e9cessaire pour garantir que les activit\u00e9s sont r\u00e9alis\u00e9es conform\u00e9ment aux proc\u00e9dures de notre Clinique et \u00e0 la l\u00e9gislation en vigueur. Nous menons des activit\u00e9s dans le but de planifier et d&rsquo;ex\u00e9cuter des activit\u00e9s, de planifier et d&rsquo;ex\u00e9cuter des activit\u00e9s de d\u00e9veloppement durable d&rsquo;entreprise, de r\u00e9aliser des \u00e9tudes pour prot\u00e9ger la r\u00e9putation de notre entreprise, de g\u00e9rer les processus de demande et de plainte, et de planifier et d&rsquo;ex\u00e9cuter des activit\u00e9s de gestion d&rsquo;entreprise et de communication. Elles sont limit\u00e9es et proportionn\u00e9es, conform\u00e9ment \u00e0 la loi et aux r\u00e8gles d&rsquo;honn\u00eatet\u00e9 et \u00e0 la finalit\u00e9 pour laquelle elles sont trait\u00e9es, telles que stipul\u00e9es dans la l\u00e9gislation en vigueur. ou seront trait\u00e9es conform\u00e9ment aux principes de conservation pendant la dur\u00e9e n\u00e9cessaire aux finalit\u00e9s pour lesquelles elles sont trait\u00e9es. Vos donn\u00e9es personnelles peuvent \u00eatre obtenues, enregistr\u00e9es, conserv\u00e9es, modifi\u00e9es, r\u00e9organis\u00e9es partiellement ou totalement par des moyens automatiques ou non automatiques. peuvent \u00eatre trait\u00e9s par le biais de transactions. Les informations collect\u00e9es ne sont pas partag\u00e9es avec des tiers \u00e0 votre insu ou sans vos instructions, et ne sont ni utilis\u00e9es ni vendues \u00e0 des fins commerciales pour toute raison autre que l&rsquo;activit\u00e9.<\/li>\n<li>Transfert de donn\u00e9es personnelles<\/li>\n<li>Afin d&rsquo;atteindre les finalit\u00e9s mentionn\u00e9es ci-dessus, les donn\u00e9es personnelles obtenues par vous sont conserv\u00e9es conform\u00e9ment aux principes de droit et d&rsquo;honn\u00eatet\u00e9 et conform\u00e9ment aux principes de conservation des donn\u00e9es personnelles de mani\u00e8re limit\u00e9e et proportionn\u00e9e pendant la dur\u00e9e pendant laquelle elles sont trait\u00e9s, comme stipul\u00e9 dans le KVKK. Conform\u00e9ment \u00e0 la l\u00e9gislation en vigueur ou pendant la dur\u00e9e n\u00e9cessaire \u00e0 la finalit\u00e9 pour laquelle ils sont trait\u00e9s. ou avez coop\u00e9r\u00e9 avec des institutions et organisations nationales\/internationales\/internationales, publiques\/priv\u00e9es, des entreprises et les consultants ou partenaires de solutions de notre soci\u00e9t\u00e9, d&rsquo;autres soci\u00e9t\u00e9s du groupe, d&rsquo;autres institutions et organisations autoris\u00e9es, des fournisseurs ou des sous-traitants, dans la mesure permise par le Code de commerce turc et d&rsquo;autres l\u00e9gislation. Elles peuvent \u00eatre partag\u00e9es avec des personnes ou des organisations, des personnes morales de droit public et\/ou priv\u00e9 l\u00e9galement autoris\u00e9es, ainsi qu&rsquo;avec des personnes ou des organisations autoris\u00e9es ou requises par d&rsquo;autres dispositions l\u00e9gislatives, limit\u00e9es \u00e0 l&rsquo;objectif demand\u00e9 dans le cadre de leurs pouvoirs l\u00e9gaux, et avec des autorit\u00e9s officielles sur demande. autorit\u00e9s officielles. Vos donn\u00e9es personnelles pourront \u00eatre transf\u00e9r\u00e9es \u00e0 des tiers sans votre consentement explicite conform\u00e9ment aux articles 5 et 8 de la loi sur la protection des donn\u00e9es personnelles.<\/li>\n<li>M\u00e9thode de collecte des donn\u00e9es personnelles<\/li>\n<li>Vos donn\u00e9es personnelles peuvent \u00eatre collect\u00e9es par \u00e9crit, verbalement ou \u00e9lectroniquement via notre site Web.<\/li>\n<li>Suppression, destruction ou anonymisation des donn\u00e9es personnelles<br \/>Conform\u00e9ment \u00e0 l&rsquo;article 7 de la loi sur la protection des donn\u00e9es personnelles, bien que les donn\u00e9es personnelles aient \u00e9t\u00e9 trait\u00e9es conform\u00e9ment \u00e0 la l\u00e9gislation en vigueur, dans le cas o\u00f9 les raisons du traitement ne sont plus valables, les donn\u00e9es personnelles sont supprim\u00e9es, d\u00e9truites ou anonymis\u00e9es. par notre Clinique d&rsquo;office ou \u00e0 la demande des parties concern\u00e9es. propri\u00e9taire des donn\u00e9es personnelles. Les proc\u00e9dures et principes concernant ce sujet seront respect\u00e9s conform\u00e9ment \u00e0 la loi sur la protection des donn\u00e9es personnelles et au r\u00e8glement sur la suppression, la destruction ou l&rsquo;anonymisation des donn\u00e9es personnelles publi\u00e9es au Journal officiel du 28.10.2017 et num\u00e9rot\u00e9es 30224. Les donn\u00e9es personnelles seront supprim\u00e9es, d\u00e9truites ou anonymis\u00e9es dans un d\u00e9lai de 3 mois \u00e0 compter de la date de notre obligation de supprimer, d\u00e9truire ou anonymiser les donn\u00e9es personnelles. Lorsque vous contactez notre soci\u00e9t\u00e9 et demandez la suppression ou la destruction de vos donn\u00e9es personnelles ;<\/li>\n<li>a) Si toutes les conditions n\u00e9cessitant le traitement des donn\u00e9es personnelles sont \u00e9limin\u00e9es\u00a0; Vos donn\u00e9es personnelles faisant l&rsquo;objet de la demande seront supprim\u00e9es, d\u00e9truites ou rendues anonymes. Votre demande sera finalis\u00e9e au plus tard dans un d\u00e9lai de 30 jours et vous en serez inform\u00e9.<\/li>\n<li>b) Si toutes les conditions de traitement des donn\u00e9es personnelles ont \u00e9t\u00e9 supprim\u00e9es et que les donn\u00e9es personnelles faisant l&rsquo;objet de la demande ont \u00e9t\u00e9 transf\u00e9r\u00e9es \u00e0 des tiers, cette situation est notifi\u00e9e aux tiers ; Il est assur\u00e9 que les d\u00e9marches n\u00e9cessaires sont effectu\u00e9es dans le cadre du r\u00e8glement.<\/li>\n<li>c) Si toutes les conditions concernant le traitement des donn\u00e9es personnelles n&rsquo;ont pas \u00e9t\u00e9 \u00e9limin\u00e9es, votre demande peut \u00eatre rejet\u00e9e en expliquant le motif conform\u00e9ment au troisi\u00e8me alin\u00e9a de l&rsquo;article 13 de la loi KVK et la r\u00e9ponse de refus vous sera notifi\u00e9e par \u00e9crit. ou par \u00e9crit.<\/li>\n<\/ul>\n","protected":false},"excerpt":{"rendered":"<p>Texte d&rsquo;information concernant le traitement des donn\u00e9es personnelles re\u00e7ues via les formulaires Notre clinique demande certaines de vos donn\u00e9es personnelles (telles que votre nom, pr\u00e9nom, mot de passe, adresse e-mail, num\u00e9ro de t\u00e9l\u00e9phone portable) afin de remplir ses obligations l\u00e9gales d\u00e9coulant de la l\u00e9gislation en vigueur, notamment la loi sur la protection des donn\u00e9es personnelles [&hellip;]<\/p>\n","protected":false},"author":1,"featured_media":0,"parent":0,"menu_order":0,"comment_status":"closed","ping_status":"closed","template":"","meta":{"footnotes":""},"class_list":["post-4052","page","type-page","status-publish","hentry"],"_links":{"self":[{"href":"https:\/\/dentalclinicnisantasi.com\/fr\/wp-json\/wp\/v2\/pages\/4052","targetHints":{"allow":["GET"]}}],"collection":[{"href":"https:\/\/dentalclinicnisantasi.com\/fr\/wp-json\/wp\/v2\/pages"}],"about":[{"href":"https:\/\/dentalclinicnisantasi.com\/fr\/wp-json\/wp\/v2\/types\/page"}],"author":[{"embeddable":true,"href":"https:\/\/dentalclinicnisantasi.com\/fr\/wp-json\/wp\/v2\/users\/1"}],"replies":[{"embeddable":true,"href":"https:\/\/dentalclinicnisantasi.com\/fr\/wp-json\/wp\/v2\/comments?post=4052"}],"version-history":[{"count":8,"href":"https:\/\/dentalclinicnisantasi.com\/fr\/wp-json\/wp\/v2\/pages\/4052\/revisions"}],"predecessor-version":[{"id":6445,"href":"https:\/\/dentalclinicnisantasi.com\/fr\/wp-json\/wp\/v2\/pages\/4052\/revisions\/6445"}],"wp:attachment":[{"href":"https:\/\/dentalclinicnisantasi.com\/fr\/wp-json\/wp\/v2\/media?parent=4052"}],"curies":[{"name":"wp","href":"https:\/\/api.w.org\/{rel}","templated":true}]}}