{"id":3440,"date":"2023-08-02T16:43:22","date_gmt":"2023-08-02T13:43:22","guid":{"rendered":"https:\/\/dentalclinicnisantasi.com\/implants-dentaires\/"},"modified":"2025-06-20T16:14:22","modified_gmt":"2025-06-20T13:14:22","slug":"implants-dentaires","status":"publish","type":"page","link":"https:\/\/dentalclinicnisantasi.com\/fr\/implants-dentaires\/","title":{"rendered":"Implants dentaires"},"content":{"rendered":"\t\t<div data-elementor-type=\"wp-page\" data-elementor-id=\"3440\" class=\"elementor elementor-3440 elementor-1333\">\n\t\t\t\t\t\t\t\t\t<section class=\"elementor-section elementor-top-section elementor-element elementor-element-3db1545 elementor-section-boxed elementor-section-height-default elementor-section-height-default\" data-id=\"3db1545\" data-element_type=\"section\">\n\t\t\t\t\t\t<div class=\"elementor-container elementor-column-gap-no\">\n\t\t\t\t\t<div class=\"elementor-column elementor-col-33 elementor-top-column elementor-element elementor-element-e666753\" data-id=\"e666753\" data-element_type=\"column\" data-settings=\"{&quot;background_background&quot;:&quot;classic&quot;}\">\n\t\t\t<div class=\"elementor-widget-wrap elementor-element-populated\">\n\t\t\t\t\t\t\t\t<div class=\"elementor-element elementor-element-e6a97df elementor-widget elementor-widget-image\" data-id=\"e6a97df\" data-element_type=\"widget\" data-widget_type=\"image.default\">\n\t\t\t\t<div class=\"elementor-widget-container\">\n\t\t\t<style>\/*! elementor - v3.16.0 - 14-09-2023 *\/\n.elementor-widget-image{text-align:center}.elementor-widget-image a{display:inline-block}.elementor-widget-image a img[src$=\".svg\"]{width:48px}.elementor-widget-image img{vertical-align:middle;display:inline-block}<\/style>\t\t\t\t\t\t\t\t\t\t\t\t<img decoding=\"async\" width=\"330\" height=\"225\" src=\"https:\/\/dentalclinicnisantasi.com\/wp-content\/uploads\/2023\/08\/sinus-yukseltme.jpg\" class=\"attachment-full size-full wp-image-1335\" alt=\"\" srcset=\"https:\/\/dentalclinicnisantasi.com\/wp-content\/uploads\/2023\/08\/sinus-yukseltme.jpg 330w, https:\/\/dentalclinicnisantasi.com\/wp-content\/uploads\/2023\/08\/sinus-yukseltme-300x205.jpg 300w\" sizes=\"(max-width: 330px) 100vw, 330px\" \/>\t\t\t\t\t\t\t\t\t\t\t\t\t\t\t<\/div>\n\t\t\t\t<\/div>\n\t\t\t\t<div class=\"elementor-element elementor-element-26d2fe4 elementor-widget__width-auto elementor-widget elementor-widget-hub_fancy_heading\" data-id=\"26d2fe4\" data-element_type=\"widget\" data-widget_type=\"hub_fancy_heading.default\">\n\t\t\t\t<div class=\"elementor-widget-container\">\n\t\t\t\n\t\t<div id=\"ld-fancy-heading-69d05cf410fda\" class=\"ld-fancy-heading pos-rel\">\n\t\t\t<h6 class=\"ld-fh-element d-inline-block pos-rel  elementor-heading-title lqd-highlight-classic lqd-highlight-grow-left h6\"  > Implants dentaires<\/h6>\t\t<\/div>\n\n\t\t\t\t<\/div>\n\t\t\t\t<\/div>\n\t\t\t\t<div class=\"elementor-element elementor-element-d6eaca6 elementor-widget elementor-widget-hub_fancy_heading\" data-id=\"d6eaca6\" data-element_type=\"widget\" data-widget_type=\"hub_fancy_heading.default\">\n\t\t\t\t<div class=\"elementor-widget-container\">\n\t\t\t\n\t\t<div id=\"ld-fancy-heading-69d05cf4124eb\" class=\"ld-fancy-heading pos-rel\">\n\t\t\t<h2 class=\"ld-fh-element d-inline-block pos-rel  elementor-heading-title lqd-highlight-classic lqd-highlight-grow-left h2\"  > Rehaussement sinusien<\/h2>\t\t<\/div>\n\n\t\t\t\t<\/div>\n\t\t\t\t<\/div>\n\t\t\t\t<div class=\"elementor-element elementor-element-f634b7d elementor-widget elementor-widget-ld_overlay_link lqd-overlay\" data-id=\"f634b7d\" data-element_type=\"widget\" data-widget_type=\"ld_overlay_link.default\">\n\t\t\t\t<div class=\"elementor-widget-container\">\n\t\t\t\n\t\t\t<a href=\"https:\/\/dentalclinicnisantasi.com\/fr\/processus-delevation-des-ondes-sinusoidales\/\"class=\"d-block lqd-overlay z-index-3\">\n\t\t\t\t\t\t\t<\/a>\n\t\t\n\t\t\t\t<\/div>\n\t\t\t\t<\/div>\n\t\t\t\t\t<\/div>\n\t\t<\/div>\n\t\t\t\t<div class=\"elementor-column elementor-col-33 elementor-top-column elementor-element elementor-element-557f136\" data-id=\"557f136\" data-element_type=\"column\" data-settings=\"{&quot;background_background&quot;:&quot;classic&quot;}\">\n\t\t\t<div class=\"elementor-widget-wrap elementor-element-populated\">\n\t\t\t\t\t\t\t\t<div class=\"elementor-element elementor-element-9882362 elementor-widget elementor-widget-image\" data-id=\"9882362\" data-element_type=\"widget\" data-widget_type=\"image.default\">\n\t\t\t\t<div class=\"elementor-widget-container\">\n\t\t\t\t\t\t\t\t\t\t\t\t\t\t\t<img decoding=\"async\" width=\"330\" height=\"225\" src=\"data:image\/svg+xml;charset=utf-8,%3Csvg xmlns%3D&#039;http%3A%2F%2Fwww.w3.org%2F2000%2Fsvg&#039; viewBox%3D&#039;0 0 330 225&#039;%2F%3E\" class=\"attachment-full size-full wp-image-1336 ld-lazyload\" alt=\"\" data-src=\"https:\/\/dentalclinicnisantasi.com\/wp-content\/uploads\/2023\/08\/kemik-yetersizligi.jpg\" data-srcset=\"https:\/\/dentalclinicnisantasi.com\/wp-content\/uploads\/2023\/08\/kemik-yetersizligi.jpg 330w, https:\/\/dentalclinicnisantasi.com\/wp-content\/uploads\/2023\/08\/kemik-yetersizligi-300x205.jpg 300w\" data-sizes=\"(max-width: 330px) 100vw, 330px\" data-aspect=\"1.4666666666667\" \/>\t\t\t\t\t\t\t\t\t\t\t\t\t\t\t<\/div>\n\t\t\t\t<\/div>\n\t\t\t\t<div class=\"elementor-element elementor-element-cd8e06f elementor-widget__width-auto elementor-widget elementor-widget-hub_fancy_heading\" data-id=\"cd8e06f\" data-element_type=\"widget\" data-widget_type=\"hub_fancy_heading.default\">\n\t\t\t\t<div class=\"elementor-widget-container\">\n\t\t\t\n\t\t<div id=\"ld-fancy-heading-69d05cf428812\" class=\"ld-fancy-heading pos-rel\">\n\t\t\t<h6 class=\"ld-fh-element d-inline-block pos-rel  elementor-heading-title lqd-highlight-classic lqd-highlight-grow-left h6\"  > Implants dentaires<\/h6>\t\t<\/div>\n\n\t\t\t\t<\/div>\n\t\t\t\t<\/div>\n\t\t\t\t<div class=\"elementor-element elementor-element-5f43646 elementor-widget elementor-widget-hub_fancy_heading\" data-id=\"5f43646\" data-element_type=\"widget\" data-widget_type=\"hub_fancy_heading.default\">\n\t\t\t\t<div class=\"elementor-widget-container\">\n\t\t\t\n\t\t<div id=\"ld-fancy-heading-69d05cf42949c\" class=\"ld-fancy-heading pos-rel\">\n\t\t\t<h2 class=\"ld-fh-element d-inline-block pos-rel  elementor-heading-title lqd-highlight-classic lqd-highlight-grow-left h2\"  > Traitement implantaire en cas d\u2019insuffisance osseuse<\/h2>\t\t<\/div>\n\n\t\t\t\t<\/div>\n\t\t\t\t<\/div>\n\t\t\t\t<div class=\"elementor-element elementor-element-8a5384e elementor-widget elementor-widget-ld_overlay_link lqd-overlay\" data-id=\"8a5384e\" data-element_type=\"widget\" data-widget_type=\"ld_overlay_link.default\">\n\t\t\t\t<div class=\"elementor-widget-container\">\n\t\t\t\n\t\t\t<a href=\"https:\/\/dentalclinicnisantasi.com\/fr\/traitement-implantaire-dans-linsuffisance-osseuse\/\"class=\"d-block lqd-overlay z-index-3\">\n\t\t\t\t\t\t\t<\/a>\n\t\t\n\t\t\t\t<\/div>\n\t\t\t\t<\/div>\n\t\t\t\t\t<\/div>\n\t\t<\/div>\n\t\t\t\t<div class=\"elementor-column elementor-col-33 elementor-top-column elementor-element elementor-element-254b03c\" data-id=\"254b03c\" data-element_type=\"column\" data-settings=\"{&quot;background_background&quot;:&quot;classic&quot;}\">\n\t\t\t<div class=\"elementor-widget-wrap elementor-element-populated\">\n\t\t\t\t\t\t\t\t<div class=\"elementor-element elementor-element-4cc50dd elementor-widget elementor-widget-image\" data-id=\"4cc50dd\" data-element_type=\"widget\" data-widget_type=\"image.default\">\n\t\t\t\t<div class=\"elementor-widget-container\">\n\t\t\t\t\t\t\t\t\t\t\t\t\t\t\t<img decoding=\"async\" width=\"330\" height=\"225\" src=\"data:image\/svg+xml;charset=utf-8,%3Csvg xmlns%3D&#039;http%3A%2F%2Fwww.w3.org%2F2000%2Fsvg&#039; viewBox%3D&#039;0 0 330 225&#039;%2F%3E\" class=\"attachment-full size-full wp-image-1337 ld-lazyload\" alt=\"\" data-src=\"https:\/\/dentalclinicnisantasi.com\/wp-content\/uploads\/2023\/08\/fast-fixed.jpg\" data-srcset=\"https:\/\/dentalclinicnisantasi.com\/wp-content\/uploads\/2023\/08\/fast-fixed.jpg 330w, https:\/\/dentalclinicnisantasi.com\/wp-content\/uploads\/2023\/08\/fast-fixed-300x205.jpg 300w\" data-sizes=\"(max-width: 330px) 100vw, 330px\" data-aspect=\"1.4666666666667\" \/>\t\t\t\t\t\t\t\t\t\t\t\t\t\t\t<\/div>\n\t\t\t\t<\/div>\n\t\t\t\t<div class=\"elementor-element elementor-element-05056c1 elementor-widget__width-auto elementor-widget elementor-widget-hub_fancy_heading\" data-id=\"05056c1\" data-element_type=\"widget\" data-widget_type=\"hub_fancy_heading.default\">\n\t\t\t\t<div class=\"elementor-widget-container\">\n\t\t\t\n\t\t<div id=\"ld-fancy-heading-69d05cf43dfd9\" class=\"ld-fancy-heading pos-rel\">\n\t\t\t<h6 class=\"ld-fh-element d-inline-block pos-rel  elementor-heading-title lqd-highlight-classic lqd-highlight-grow-left h6\"  > Implants dentaires<\/h6>\t\t<\/div>\n\n\t\t\t\t<\/div>\n\t\t\t\t<\/div>\n\t\t\t\t<div class=\"elementor-element elementor-element-be21891 elementor-widget elementor-widget-hub_fancy_heading\" data-id=\"be21891\" data-element_type=\"widget\" data-widget_type=\"hub_fancy_heading.default\">\n\t\t\t\t<div class=\"elementor-widget-container\">\n\t\t\t\n\t\t<div id=\"ld-fancy-heading-69d05cf43ebe5\" class=\"ld-fancy-heading pos-rel\">\n\t\t\t<h2 class=\"ld-fh-element d-inline-block pos-rel  elementor-heading-title lqd-highlight-classic lqd-highlight-grow-left h2\"  > Technique Fast&amp;Fixed<\/h2>\t\t<\/div>\n\n\t\t\t\t<\/div>\n\t\t\t\t<\/div>\n\t\t\t\t<div class=\"elementor-element elementor-element-d60691f elementor-widget elementor-widget-ld_overlay_link lqd-overlay\" data-id=\"d60691f\" data-element_type=\"widget\" data-widget_type=\"ld_overlay_link.default\">\n\t\t\t\t<div class=\"elementor-widget-container\">\n\t\t\t\n\t\t\t<a href=\"https:\/\/dentalclinicnisantasi.com\/fr\/methode-fastfixed\/\"class=\"d-block lqd-overlay z-index-3\">\n\t\t\t\t\t\t\t<\/a>\n\t\t\n\t\t\t\t<\/div>\n\t\t\t\t<\/div>\n\t\t\t\t\t<\/div>\n\t\t<\/div>\n\t\t\t\t<div class=\"elementor-column elementor-col-33 elementor-top-column elementor-element elementor-element-f4c6e48\" data-id=\"f4c6e48\" data-element_type=\"column\" data-settings=\"{&quot;background_background&quot;:&quot;classic&quot;}\">\n\t\t\t<div class=\"elementor-widget-wrap elementor-element-populated\">\n\t\t\t\t\t\t\t\t<div class=\"elementor-element elementor-element-8c2bd8a elementor-widget elementor-widget-image\" data-id=\"8c2bd8a\" data-element_type=\"widget\" data-widget_type=\"image.default\">\n\t\t\t\t<div class=\"elementor-widget-container\">\n\t\t\t\t\t\t\t\t\t\t\t\t\t\t\t<img decoding=\"async\" width=\"330\" height=\"225\" src=\"data:image\/svg+xml;charset=utf-8,%3Csvg xmlns%3D&#039;http%3A%2F%2Fwww.w3.org%2F2000%2Fsvg&#039; viewBox%3D&#039;0 0 330 225&#039;%2F%3E\" class=\"attachment-full size-full wp-image-1338 ld-lazyload\" alt=\"\" data-src=\"https:\/\/dentalclinicnisantasi.com\/wp-content\/uploads\/2023\/08\/dental-implant-t-1.jpg\" data-srcset=\"https:\/\/dentalclinicnisantasi.com\/wp-content\/uploads\/2023\/08\/dental-implant-t-1.jpg 330w, https:\/\/dentalclinicnisantasi.com\/wp-content\/uploads\/2023\/08\/dental-implant-t-1-300x205.jpg 300w\" data-sizes=\"(max-width: 330px) 100vw, 330px\" data-aspect=\"1.4666666666667\" \/>\t\t\t\t\t\t\t\t\t\t\t\t\t\t\t<\/div>\n\t\t\t\t<\/div>\n\t\t\t\t<div class=\"elementor-element elementor-element-cf72305 elementor-widget__width-auto elementor-widget elementor-widget-hub_fancy_heading\" data-id=\"cf72305\" data-element_type=\"widget\" data-widget_type=\"hub_fancy_heading.default\">\n\t\t\t\t<div class=\"elementor-widget-container\">\n\t\t\t\n\t\t<div id=\"ld-fancy-heading-69d05cf448f1b\" class=\"ld-fancy-heading pos-rel\">\n\t\t\t<h6 class=\"ld-fh-element d-inline-block pos-rel  elementor-heading-title lqd-highlight-classic lqd-highlight-grow-left h6\"  > Implants dentaires<\/h6>\t\t<\/div>\n\n\t\t\t\t<\/div>\n\t\t\t\t<\/div>\n\t\t\t\t<div class=\"elementor-element elementor-element-66db8b7 elementor-widget elementor-widget-hub_fancy_heading\" data-id=\"66db8b7\" data-element_type=\"widget\" data-widget_type=\"hub_fancy_heading.default\">\n\t\t\t\t<div class=\"elementor-widget-container\">\n\t\t\t\n\t\t<div id=\"ld-fancy-heading-69d05cf449a67\" class=\"ld-fancy-heading pos-rel\">\n\t\t\t<h2 class=\"ld-fh-element d-inline-block pos-rel  elementor-heading-title lqd-highlight-classic lqd-highlight-grow-left h2\"  > Implant dentaire<\/h2>\t\t<\/div>\n\n\t\t\t\t<\/div>\n\t\t\t\t<\/div>\n\t\t\t\t<div class=\"elementor-element elementor-element-65f8445 elementor-widget elementor-widget-ld_overlay_link lqd-overlay\" data-id=\"65f8445\" data-element_type=\"widget\" data-widget_type=\"ld_overlay_link.default\">\n\t\t\t\t<div class=\"elementor-widget-container\">\n\t\t\t\n\t\t\t<a href=\"https:\/\/dentalclinicnisantasi.com\/fr\/implant-dentaire\/\"class=\"d-block lqd-overlay z-index-3\">\n\t\t\t\t\t\t\t<\/a>\n\t\t\n\t\t\t\t<\/div>\n\t\t\t\t<\/div>\n\t\t\t\t\t<\/div>\n\t\t<\/div>\n\t\t\t\t\t\t\t<\/div>\n\t\t<\/section>\n\t\t\t\t<section class=\"elementor-section elementor-top-section elementor-element elementor-element-372eed5 elementor-reverse-mobile elementor-section-boxed elementor-section-height-default elementor-section-height-default\" data-id=\"372eed5\" data-element_type=\"section\">\n\t\t\t\t\t\t<div class=\"elementor-container elementor-column-gap-default\">\n\t\t\t\t\t<div class=\"elementor-column elementor-col-50 elementor-top-column elementor-element elementor-element-acaecff\" data-id=\"acaecff\" data-element_type=\"column\" data-settings=\"{&quot;background_background&quot;:&quot;classic&quot;}\">\n\t\t\t<div class=\"elementor-widget-wrap elementor-element-populated\">\n\t\t\t\t\t\t\t\t<div class=\"elementor-element elementor-element-d756629 elementor-widget elementor-widget-hub_fancy_heading\" data-id=\"d756629\" data-element_type=\"widget\" data-widget_type=\"hub_fancy_heading.default\">\n\t\t\t\t<div class=\"elementor-widget-container\">\n\t\t\t\n\t\t<div id=\"ld-fancy-heading-69d05cf44c11d\" class=\"ld-fancy-heading pos-rel\">\n\t\t\t<h2 class=\"ld-fh-element d-inline-block pos-rel  elementor-heading-title lqd-highlight-classic lqd-highlight-grow-left h2\"  > Contactez-nous<\/h2>\t\t<\/div>\n\n\t\t\t\t<\/div>\n\t\t\t\t<\/div>\n\t\t\t\t<div class=\"elementor-element elementor-element-e283b33 elementor-widget elementor-widget-hub_fancy_heading\" data-id=\"e283b33\" data-element_type=\"widget\" data-widget_type=\"hub_fancy_heading.default\">\n\t\t\t\t<div class=\"elementor-widget-container\">\n\t\t\t\n\t\t<div id=\"ld-fancy-heading-69d05cf44cb29\" class=\"ld-fancy-heading pos-rel\">\n\t\t\t<p class=\"ld-fh-element d-inline-block pos-rel  lqd-highlight-classic lqd-highlight-grow-left p\"  > Vous pouvez obtenir des informations d\u00e9taill\u00e9es sur votre plan de traitement en contactant nos clients du secteur de la sant\u00e9.<\/p>\t\t<\/div>\n\n\t\t\t\t<\/div>\n\t\t\t\t<\/div>\n\t\t\t\t<div class=\"elementor-element elementor-element-b9400d1 elementor-widget elementor-widget-ld_button\" data-id=\"b9400d1\" data-element_type=\"widget\" data-widget_type=\"ld_button.default\">\n\t\t\t\t<div class=\"elementor-widget-container\">\n\t\t\t\n\t\t\t<a\n\t\t\t\thref=\"https:\/\/dentalclinicnisantasi.com\/fr\/contact\"class=\"elementor-button btn btn-solid btn-icon-right btn-icon-circle btn-icon-custom-size btn-icon-shaped btn-icon-solid btn-has-label\"\t\t\t>\n\t\t\t\t\t\t\t\t\t<span data-text=\"Contact\" class=\"btn-txt\">\n\t\t\t\t\t\tContact\t\t\t\t\t<\/span>\n\t\t\t\t\t\t\t\t\t\t\t\t\t\t<span class=\"btn-icon\">\n\t\t\t\t\t\t\t<i aria-hidden=\"true\" class=\"lqd-icn-ess icon-ion-ios-arrow-forward\"><\/i>\t\t\t\t\t\t<\/span>\n\t\t\t\t\t\t\t\t\t<\/a>\n\t\t\t\t\t<\/div>\n\t\t\t\t<\/div>\n\t\t\t\t\t<\/div>\n\t\t<\/div>\n\t\t\t\t<div class=\"elementor-column elementor-col-50 elementor-top-column elementor-element elementor-element-0b1b4ea\" data-id=\"0b1b4ea\" data-element_type=\"column\" data-settings=\"{&quot;background_background&quot;:&quot;classic&quot;}\">\n\t\t\t<div class=\"elementor-widget-wrap elementor-element-populated\">\n\t\t\t\t\t\t\t\t<div class=\"elementor-element elementor-element-7b7d8d9 elementor-widget elementor-widget-image\" data-id=\"7b7d8d9\" data-element_type=\"widget\" data-widget_type=\"image.default\">\n\t\t\t\t<div class=\"elementor-widget-container\">\n\t\t\t\t\t\t\t\t\t\t\t\t\t\t\t<img decoding=\"async\" width=\"470\" height=\"450\" src=\"data:image\/svg+xml;charset=utf-8,%3Csvg xmlns%3D&#039;http%3A%2F%2Fwww.w3.org%2F2000%2Fsvg&#039; viewBox%3D&#039;0 0 470 450&#039;%2F%3E\" class=\"attachment-full size-full wp-image-1319 ld-lazyload\" alt=\"\" data-src=\"https:\/\/dentalclinicnisantasi.com\/wp-content\/uploads\/2023\/08\/iletisim.jpg\" data-srcset=\"https:\/\/dentalclinicnisantasi.com\/wp-content\/uploads\/2023\/08\/iletisim.jpg 470w, https:\/\/dentalclinicnisantasi.com\/wp-content\/uploads\/2023\/08\/iletisim-300x287.jpg 300w\" data-sizes=\"(max-width: 470px) 100vw, 470px\" data-aspect=\"1.0444444444444\" \/>\t\t\t\t\t\t\t\t\t\t\t\t\t\t\t<\/div>\n\t\t\t\t<\/div>\n\t\t\t\t\t<\/div>\n\t\t<\/div>\n\t\t\t\t\t\t\t<\/div>\n\t\t<\/section>\n\t\t\t\t\t\t\t<\/div>\n\t\t","protected":false},"excerpt":{"rendered":"<p>Implants dentaires Rehaussement sinusien Implants dentaires Traitement implantaire en cas d\u2019insuffisance osseuse Implants dentaires Technique Fast&amp;Fixed Implants dentaires Implant dentaire Contactez-nous Vous pouvez obtenir des informations d\u00e9taill\u00e9es sur votre plan de traitement en contactant nos clients du secteur de la sant\u00e9. Contact<\/p>\n","protected":false},"author":1,"featured_media":0,"parent":0,"menu_order":0,"comment_status":"closed","ping_status":"closed","template":"","meta":{"footnotes":""},"class_list":["post-3440","page","type-page","status-publish","hentry"],"_links":{"self":[{"href":"https:\/\/dentalclinicnisantasi.com\/fr\/wp-json\/wp\/v2\/pages\/3440","targetHints":{"allow":["GET"]}}],"collection":[{"href":"https:\/\/dentalclinicnisantasi.com\/fr\/wp-json\/wp\/v2\/pages"}],"about":[{"href":"https:\/\/dentalclinicnisantasi.com\/fr\/wp-json\/wp\/v2\/types\/page"}],"author":[{"embeddable":true,"href":"https:\/\/dentalclinicnisantasi.com\/fr\/wp-json\/wp\/v2\/users\/1"}],"replies":[{"embeddable":true,"href":"https:\/\/dentalclinicnisantasi.com\/fr\/wp-json\/wp\/v2\/comments?post=3440"}],"version-history":[{"count":7,"href":"https:\/\/dentalclinicnisantasi.com\/fr\/wp-json\/wp\/v2\/pages\/3440\/revisions"}],"predecessor-version":[{"id":6325,"href":"https:\/\/dentalclinicnisantasi.com\/fr\/wp-json\/wp\/v2\/pages\/3440\/revisions\/6325"}],"wp:attachment":[{"href":"https:\/\/dentalclinicnisantasi.com\/fr\/wp-json\/wp\/v2\/media?parent=3440"}],"curies":[{"name":"wp","href":"https:\/\/api.w.org\/{rel}","templated":true}]}}