{"id":3428,"date":"2023-08-02T16:40:26","date_gmt":"2023-08-02T13:40:26","guid":{"rendered":"https:\/\/dentalclinicnisantasi.com\/traitements-des-articulations-de-la-machoire\/"},"modified":"2025-06-21T00:33:25","modified_gmt":"2025-06-20T21:33:25","slug":"traitements-des-articulations-de-la-machoire","status":"publish","type":"page","link":"https:\/\/dentalclinicnisantasi.com\/fr\/traitements-des-articulations-de-la-machoire\/","title":{"rendered":"Traitements des articulations de la m\u00e2choire"},"content":{"rendered":"\t\t<div data-elementor-type=\"wp-page\" data-elementor-id=\"3428\" class=\"elementor elementor-3428 elementor-1326\">\n\t\t\t\t\t\t\t\t\t<section class=\"elementor-section elementor-top-section elementor-element elementor-element-3db1545 elementor-section-boxed elementor-section-height-default elementor-section-height-default\" data-id=\"3db1545\" data-element_type=\"section\">\n\t\t\t\t\t\t<div class=\"elementor-container elementor-column-gap-no\">\n\t\t\t\t\t<div class=\"elementor-column elementor-col-33 elementor-top-column elementor-element elementor-element-e666753\" data-id=\"e666753\" data-element_type=\"column\" data-settings=\"{&quot;background_background&quot;:&quot;classic&quot;}\">\n\t\t\t<div class=\"elementor-widget-wrap elementor-element-populated\">\n\t\t\t\t\t\t\t\t<div class=\"elementor-element elementor-element-e6a97df elementor-widget elementor-widget-image\" data-id=\"e6a97df\" data-element_type=\"widget\" data-widget_type=\"image.default\">\n\t\t\t\t<div class=\"elementor-widget-container\">\n\t\t\t<style>\/*! elementor - v3.16.0 - 14-09-2023 *\/\n.elementor-widget-image{text-align:center}.elementor-widget-image a{display:inline-block}.elementor-widget-image a img[src$=\".svg\"]{width:48px}.elementor-widget-image img{vertical-align:middle;display:inline-block}<\/style>\t\t\t\t\t\t\t\t\t\t\t\t<img decoding=\"async\" width=\"330\" height=\"225\" src=\"https:\/\/dentalclinicnisantasi.com\/wp-content\/uploads\/2023\/08\/okluzal-splint.jpg\" class=\"attachment-full size-full wp-image-1328\" alt=\"\" srcset=\"https:\/\/dentalclinicnisantasi.com\/wp-content\/uploads\/2023\/08\/okluzal-splint.jpg 330w, https:\/\/dentalclinicnisantasi.com\/wp-content\/uploads\/2023\/08\/okluzal-splint-300x205.jpg 300w\" sizes=\"(max-width: 330px) 100vw, 330px\" \/>\t\t\t\t\t\t\t\t\t\t\t\t\t\t\t<\/div>\n\t\t\t\t<\/div>\n\t\t\t\t<div class=\"elementor-element elementor-element-26d2fe4 elementor-widget__width-auto elementor-widget elementor-widget-hub_fancy_heading\" data-id=\"26d2fe4\" data-element_type=\"widget\" data-widget_type=\"hub_fancy_heading.default\">\n\t\t\t\t<div class=\"elementor-widget-container\">\n\t\t\t\n\t\t<div id=\"ld-fancy-heading-69d659202a58c\" class=\"ld-fancy-heading pos-rel\">\n\t\t\t<h6 class=\"ld-fh-element d-inline-block pos-rel  elementor-heading-title lqd-highlight-classic lqd-highlight-grow-left h6\"  > Traitements des articulations de la m\u00e2choire\n<\/h6>\t\t<\/div>\n\n\t\t\t\t<\/div>\n\t\t\t\t<\/div>\n\t\t\t\t<div class=\"elementor-element elementor-element-d6eaca6 elementor-widget elementor-widget-hub_fancy_heading\" data-id=\"d6eaca6\" data-element_type=\"widget\" data-widget_type=\"hub_fancy_heading.default\">\n\t\t\t\t<div class=\"elementor-widget-container\">\n\t\t\t\n\t\t<div id=\"ld-fancy-heading-69d659202bb32\" class=\"ld-fancy-heading pos-rel\">\n\t\t\t<h2 class=\"ld-fh-element d-inline-block pos-rel  elementor-heading-title lqd-highlight-classic lqd-highlight-grow-left h2\"  > Attelle occlusale<\/h2>\t\t<\/div>\n\n\t\t\t\t<\/div>\n\t\t\t\t<\/div>\n\t\t\t\t<div class=\"elementor-element elementor-element-f634b7d elementor-widget elementor-widget-ld_overlay_link lqd-overlay\" data-id=\"f634b7d\" data-element_type=\"widget\" data-widget_type=\"ld_overlay_link.default\">\n\t\t\t\t<div class=\"elementor-widget-container\">\n\t\t\t\n\t\t\t<a href=\"https:\/\/dentalclinicnisantasi.com\/fr\/attelle-occlusale\/\"class=\"d-block lqd-overlay z-index-3\">\n\t\t\t\t\t\t\t<\/a>\n\t\t\n\t\t\t\t<\/div>\n\t\t\t\t<\/div>\n\t\t\t\t\t<\/div>\n\t\t<\/div>\n\t\t\t\t<div class=\"elementor-column elementor-col-33 elementor-top-column elementor-element elementor-element-557f136\" data-id=\"557f136\" data-element_type=\"column\" data-settings=\"{&quot;background_background&quot;:&quot;classic&quot;}\">\n\t\t\t<div class=\"elementor-widget-wrap elementor-element-populated\">\n\t\t\t\t\t\t\t\t<div class=\"elementor-element elementor-element-9882362 elementor-widget elementor-widget-image\" data-id=\"9882362\" data-element_type=\"widget\" data-widget_type=\"image.default\">\n\t\t\t\t<div class=\"elementor-widget-container\">\n\t\t\t\t\t\t\t\t\t\t\t\t\t\t\t<img decoding=\"async\" width=\"720\" height=\"488\" src=\"data:image\/svg+xml;charset=utf-8,%3Csvg xmlns%3D&#039;http%3A%2F%2Fwww.w3.org%2F2000%2Fsvg&#039; viewBox%3D&#039;0 0 720 488&#039;%2F%3E\" class=\"attachment-full size-full wp-image-525 ld-lazyload\" alt=\"\" data-src=\"https:\/\/dentalclinicnisantasi.com\/wp-content\/uploads\/2021\/09\/Insurance-\u2013-3.jpeg\" data-srcset=\"https:\/\/dentalclinicnisantasi.com\/wp-content\/uploads\/2021\/09\/Insurance-\u2013-3.jpeg 720w, https:\/\/dentalclinicnisantasi.com\/wp-content\/uploads\/2021\/09\/Insurance-\u2013-3-300x203.jpeg 300w\" data-sizes=\"(max-width: 720px) 100vw, 720px\" data-aspect=\"1.4754098360656\" \/>\t\t\t\t\t\t\t\t\t\t\t\t\t\t\t<\/div>\n\t\t\t\t<\/div>\n\t\t\t\t<div class=\"elementor-element elementor-element-cd8e06f elementor-widget__width-auto elementor-widget elementor-widget-hub_fancy_heading\" data-id=\"cd8e06f\" data-element_type=\"widget\" data-widget_type=\"hub_fancy_heading.default\">\n\t\t\t\t<div class=\"elementor-widget-container\">\n\t\t\t\n\t\t<div id=\"ld-fancy-heading-69d6592042d0e\" class=\"ld-fancy-heading pos-rel\">\n\t\t\t<h6 class=\"ld-fh-element d-inline-block pos-rel  elementor-heading-title lqd-highlight-classic lqd-highlight-grow-left h6\"  > Traitements des articulations de la m\u00e2choire\n<\/h6>\t\t<\/div>\n\n\t\t\t\t<\/div>\n\t\t\t\t<\/div>\n\t\t\t\t<div class=\"elementor-element elementor-element-5f43646 elementor-widget elementor-widget-hub_fancy_heading\" data-id=\"5f43646\" data-element_type=\"widget\" data-widget_type=\"hub_fancy_heading.default\">\n\t\t\t\t<div class=\"elementor-widget-container\">\n\t\t\t\n\t\t<div id=\"ld-fancy-heading-69d6592043d46\" class=\"ld-fancy-heading pos-rel\">\n\t\t\t<h2 class=\"ld-fh-element d-inline-block pos-rel  elementor-heading-title lqd-highlight-classic lqd-highlight-grow-left h2\"  > Traitement du serrement des dents et du grincement des dents<\/h2>\t\t<\/div>\n\n\t\t\t\t<\/div>\n\t\t\t\t<\/div>\n\t\t\t\t<div class=\"elementor-element elementor-element-8a5384e elementor-widget elementor-widget-ld_overlay_link lqd-overlay\" data-id=\"8a5384e\" data-element_type=\"widget\" data-widget_type=\"ld_overlay_link.default\">\n\t\t\t\t<div class=\"elementor-widget-container\">\n\t\t\t\n\t\t\t<a href=\"https:\/\/dentalclinicnisantasi.com\/fr\/traitement-du-serrement-des-dents-et-du-grincement-des-dents\/\"class=\"d-block lqd-overlay z-index-3\">\n\t\t\t\t\t\t\t<\/a>\n\t\t\n\t\t\t\t<\/div>\n\t\t\t\t<\/div>\n\t\t\t\t\t<\/div>\n\t\t<\/div>\n\t\t\t\t\t\t\t<\/div>\n\t\t<\/section>\n\t\t\t\t<section class=\"elementor-section elementor-top-section elementor-element elementor-element-372eed5 elementor-reverse-mobile elementor-section-boxed elementor-section-height-default elementor-section-height-default\" data-id=\"372eed5\" data-element_type=\"section\">\n\t\t\t\t\t\t<div class=\"elementor-container elementor-column-gap-default\">\n\t\t\t\t\t<div class=\"elementor-column elementor-col-50 elementor-top-column elementor-element elementor-element-acaecff\" data-id=\"acaecff\" data-element_type=\"column\" data-settings=\"{&quot;background_background&quot;:&quot;classic&quot;}\">\n\t\t\t<div class=\"elementor-widget-wrap elementor-element-populated\">\n\t\t\t\t\t\t\t\t<div class=\"elementor-element elementor-element-d756629 elementor-widget elementor-widget-hub_fancy_heading\" data-id=\"d756629\" data-element_type=\"widget\" data-widget_type=\"hub_fancy_heading.default\">\n\t\t\t\t<div class=\"elementor-widget-container\">\n\t\t\t\n\t\t<div id=\"ld-fancy-heading-69d65920475e3\" class=\"ld-fancy-heading pos-rel\">\n\t\t\t<h2 class=\"ld-fh-element d-inline-block pos-rel  elementor-heading-title lqd-highlight-classic lqd-highlight-grow-left h2\"  > Contactez-nous<\/h2>\t\t<\/div>\n\n\t\t\t\t<\/div>\n\t\t\t\t<\/div>\n\t\t\t\t<div class=\"elementor-element elementor-element-e283b33 elementor-widget elementor-widget-hub_fancy_heading\" data-id=\"e283b33\" data-element_type=\"widget\" data-widget_type=\"hub_fancy_heading.default\">\n\t\t\t\t<div class=\"elementor-widget-container\">\n\t\t\t\n\t\t<div id=\"ld-fancy-heading-69d65920486f8\" class=\"ld-fancy-heading pos-rel\">\n\t\t\t<p class=\"ld-fh-element d-inline-block pos-rel  lqd-highlight-classic lqd-highlight-grow-left p\"  > Vous pouvez obtenir des informations d\u00e9taill\u00e9es sur votre plan de traitement en contactant nos clients du secteur de la sant\u00e9.<\/p>\t\t<\/div>\n\n\t\t\t\t<\/div>\n\t\t\t\t<\/div>\n\t\t\t\t<div class=\"elementor-element elementor-element-b9400d1 elementor-widget elementor-widget-ld_button\" data-id=\"b9400d1\" data-element_type=\"widget\" data-widget_type=\"ld_button.default\">\n\t\t\t\t<div class=\"elementor-widget-container\">\n\t\t\t\n\t\t\t<a\n\t\t\t\thref=\"https:\/\/dentalclinicnisantasi.com\/fr\/contact\"class=\"elementor-button btn btn-solid btn-icon-right btn-icon-circle btn-icon-custom-size btn-icon-shaped btn-icon-solid btn-has-label\"\t\t\t>\n\t\t\t\t\t\t\t\t\t<span data-text=\"Contact\" class=\"btn-txt\">\n\t\t\t\t\t\tContact\t\t\t\t\t<\/span>\n\t\t\t\t\t\t\t\t\t\t\t\t\t\t<span class=\"btn-icon\">\n\t\t\t\t\t\t\t<i aria-hidden=\"true\" class=\"lqd-icn-ess icon-ion-ios-arrow-forward\"><\/i>\t\t\t\t\t\t<\/span>\n\t\t\t\t\t\t\t\t\t<\/a>\n\t\t\t\t\t<\/div>\n\t\t\t\t<\/div>\n\t\t\t\t\t<\/div>\n\t\t<\/div>\n\t\t\t\t<div class=\"elementor-column elementor-col-50 elementor-top-column elementor-element elementor-element-0b1b4ea\" data-id=\"0b1b4ea\" data-element_type=\"column\" data-settings=\"{&quot;background_background&quot;:&quot;classic&quot;}\">\n\t\t\t<div class=\"elementor-widget-wrap elementor-element-populated\">\n\t\t\t\t\t\t\t\t<div class=\"elementor-element elementor-element-7b7d8d9 elementor-widget elementor-widget-image\" data-id=\"7b7d8d9\" data-element_type=\"widget\" data-widget_type=\"image.default\">\n\t\t\t\t<div class=\"elementor-widget-container\">\n\t\t\t\t\t\t\t\t\t\t\t\t\t\t\t<img decoding=\"async\" width=\"470\" height=\"450\" src=\"data:image\/svg+xml;charset=utf-8,%3Csvg xmlns%3D&#039;http%3A%2F%2Fwww.w3.org%2F2000%2Fsvg&#039; viewBox%3D&#039;0 0 470 450&#039;%2F%3E\" class=\"attachment-full size-full wp-image-1319 ld-lazyload\" alt=\"\" data-src=\"https:\/\/dentalclinicnisantasi.com\/wp-content\/uploads\/2023\/08\/iletisim.jpg\" data-srcset=\"https:\/\/dentalclinicnisantasi.com\/wp-content\/uploads\/2023\/08\/iletisim.jpg 470w, https:\/\/dentalclinicnisantasi.com\/wp-content\/uploads\/2023\/08\/iletisim-300x287.jpg 300w\" data-sizes=\"(max-width: 470px) 100vw, 470px\" data-aspect=\"1.0444444444444\" \/>\t\t\t\t\t\t\t\t\t\t\t\t\t\t\t<\/div>\n\t\t\t\t<\/div>\n\t\t\t\t\t<\/div>\n\t\t<\/div>\n\t\t\t\t\t\t\t<\/div>\n\t\t<\/section>\n\t\t\t\t\t\t\t<\/div>\n\t\t","protected":false},"excerpt":{"rendered":"<p>Traitements des articulations de la m\u00e2choire Attelle occlusale Traitements des articulations de la m\u00e2choire Traitement du serrement des dents et du grincement des dents Contactez-nous Vous pouvez obtenir des informations d\u00e9taill\u00e9es sur votre plan de traitement en contactant nos clients du secteur de la sant\u00e9. Contact<\/p>\n","protected":false},"author":1,"featured_media":0,"parent":0,"menu_order":0,"comment_status":"closed","ping_status":"closed","template":"","meta":{"footnotes":""},"class_list":["post-3428","page","type-page","status-publish","hentry"],"_links":{"self":[{"href":"https:\/\/dentalclinicnisantasi.com\/fr\/wp-json\/wp\/v2\/pages\/3428","targetHints":{"allow":["GET"]}}],"collection":[{"href":"https:\/\/dentalclinicnisantasi.com\/fr\/wp-json\/wp\/v2\/pages"}],"about":[{"href":"https:\/\/dentalclinicnisantasi.com\/fr\/wp-json\/wp\/v2\/types\/page"}],"author":[{"embeddable":true,"href":"https:\/\/dentalclinicnisantasi.com\/fr\/wp-json\/wp\/v2\/users\/1"}],"replies":[{"embeddable":true,"href":"https:\/\/dentalclinicnisantasi.com\/fr\/wp-json\/wp\/v2\/comments?post=3428"}],"version-history":[{"count":7,"href":"https:\/\/dentalclinicnisantasi.com\/fr\/wp-json\/wp\/v2\/pages\/3428\/revisions"}],"predecessor-version":[{"id":6344,"href":"https:\/\/dentalclinicnisantasi.com\/fr\/wp-json\/wp\/v2\/pages\/3428\/revisions\/6344"}],"wp:attachment":[{"href":"https:\/\/dentalclinicnisantasi.com\/fr\/wp-json\/wp\/v2\/media?parent=3428"}],"curies":[{"name":"wp","href":"https:\/\/api.w.org\/{rel}","templated":true}]}}