{"id":4013,"date":"2023-08-22T16:40:11","date_gmt":"2023-08-22T13:40:11","guid":{"rendered":"https:\/\/dentalclinicnisantasi.com\/our-dentists\/dr-erdi-icen\/"},"modified":"2025-06-19T14:25:11","modified_gmt":"2025-06-19T11:25:11","slug":"dr-erdi-icen","status":"publish","type":"page","link":"https:\/\/dentalclinicnisantasi.com\/en\/our-dentists\/dr-erdi-icen\/","title":{"rendered":"Dr. Erdi \u0130\u00e7en"},"content":{"rendered":"<h2  > Dr. Erdi \u0130\u00e7en<\/h2>\n<p  > Orthodontic Specialist | Founder of Klinik Ni\u015fanta\u015f\u0131<\/p>\n<style>\/*! elementor - v3.16.0 - 14-09-2023 *\/\n.elementor-widget-image{text-align:center}.elementor-widget-image a{display:inline-block}.elementor-widget-image a img[src$=\".svg\"]{width:48px}.elementor-widget-image img{vertical-align:middle;display:inline-block}<\/style>\n<p>\t\t\t\t\t\t\t\t\t\t\t\t<img decoding=\"async\" width=\"200\" height=\"305\" src=\"https:\/\/dentalclinicnisantasi.com\/wp-content\/uploads\/2023\/08\/dt-erdi-icen.jpg\" alt=\"\" loading=\"lazy\" srcset=\"https:\/\/dentalclinicnisantasi.com\/wp-content\/uploads\/2023\/08\/dt-erdi-icen.jpg 200w, https:\/\/dentalclinicnisantasi.com\/wp-content\/uploads\/2023\/08\/dt-erdi-icen-197x300.jpg 197w\" sizes=\"auto, (max-width: 200px) 100vw, 200px\" \/>\t\t\t\t\t\t\t\t\t\t\t\t\t\t\t<\/p>\n<h3  > Dr. Erdi \u0130\u00e7en<\/h3>\n<p  > Orthodontic Specialist<\/p>\n<style>\/*! elementor - v3.16.0 - 14-09-2023 *\/\n.elementor-widget-social-icons.elementor-grid-0 .elementor-widget-container,.elementor-widget-social-icons.elementor-grid-mobile-0 .elementor-widget-container,.elementor-widget-social-icons.elementor-grid-tablet-0 .elementor-widget-container{line-height:1;font-size:0}.elementor-widget-social-icons:not(.elementor-grid-0):not(.elementor-grid-tablet-0):not(.elementor-grid-mobile-0) .elementor-grid{display:inline-grid}.elementor-widget-social-icons .elementor-grid{grid-column-gap:var(--grid-column-gap,5px);grid-row-gap:var(--grid-row-gap,5px);grid-template-columns:var(--grid-template-columns);justify-content:var(--justify-content,center);justify-items:var(--justify-content,center)}.elementor-icon.elementor-social-icon{font-size:var(--icon-size,25px);line-height:var(--icon-size,25px);width:calc(var(--icon-size, 25px) + (2 * var(--icon-padding, .5em)));height:calc(var(--icon-size, 25px) + (2 * var(--icon-padding, .5em)))}.elementor-social-icon{--e-social-icon-icon-color:#fff;display:inline-flex;background-color:#69727d;align-items:center;justify-content:center;text-align:center;cursor:pointer}.elementor-social-icon i{color:var(--e-social-icon-icon-color)}.elementor-social-icon svg{fill:var(--e-social-icon-icon-color)}.elementor-social-icon:last-child{margin:0}.elementor-social-icon:hover{opacity:.9;color:#fff}.elementor-social-icon-android{background-color:#a4c639}.elementor-social-icon-apple{background-color:#999}.elementor-social-icon-behance{background-color:#1769ff}.elementor-social-icon-bitbucket{background-color:#205081}.elementor-social-icon-codepen{background-color:#000}.elementor-social-icon-delicious{background-color:#39f}.elementor-social-icon-deviantart{background-color:#05cc47}.elementor-social-icon-digg{background-color:#005be2}.elementor-social-icon-dribbble{background-color:#ea4c89}.elementor-social-icon-elementor{background-color:#d30c5c}.elementor-social-icon-envelope{background-color:#ea4335}.elementor-social-icon-facebook,.elementor-social-icon-facebook-f{background-color:#3b5998}.elementor-social-icon-flickr{background-color:#0063dc}.elementor-social-icon-foursquare{background-color:#2d5be3}.elementor-social-icon-free-code-camp,.elementor-social-icon-freecodecamp{background-color:#006400}.elementor-social-icon-github{background-color:#333}.elementor-social-icon-gitlab{background-color:#e24329}.elementor-social-icon-globe{background-color:#69727d}.elementor-social-icon-google-plus,.elementor-social-icon-google-plus-g{background-color:#dd4b39}.elementor-social-icon-houzz{background-color:#7ac142}.elementor-social-icon-instagram{background-color:#262626}.elementor-social-icon-jsfiddle{background-color:#487aa2}.elementor-social-icon-link{background-color:#818a91}.elementor-social-icon-linkedin,.elementor-social-icon-linkedin-in{background-color:#0077b5}.elementor-social-icon-medium{background-color:#00ab6b}.elementor-social-icon-meetup{background-color:#ec1c40}.elementor-social-icon-mixcloud{background-color:#273a4b}.elementor-social-icon-odnoklassniki{background-color:#f4731c}.elementor-social-icon-pinterest{background-color:#bd081c}.elementor-social-icon-product-hunt{background-color:#da552f}.elementor-social-icon-reddit{background-color:#ff4500}.elementor-social-icon-rss{background-color:#f26522}.elementor-social-icon-shopping-cart{background-color:#4caf50}.elementor-social-icon-skype{background-color:#00aff0}.elementor-social-icon-slideshare{background-color:#0077b5}.elementor-social-icon-snapchat{background-color:#fffc00}.elementor-social-icon-soundcloud{background-color:#f80}.elementor-social-icon-spotify{background-color:#2ebd59}.elementor-social-icon-stack-overflow{background-color:#fe7a15}.elementor-social-icon-steam{background-color:#00adee}.elementor-social-icon-stumbleupon{background-color:#eb4924}.elementor-social-icon-telegram{background-color:#2ca5e0}.elementor-social-icon-thumb-tack{background-color:#1aa1d8}.elementor-social-icon-tripadvisor{background-color:#589442}.elementor-social-icon-tumblr{background-color:#35465c}.elementor-social-icon-twitch{background-color:#6441a5}.elementor-social-icon-twitter{background-color:#1da1f2}.elementor-social-icon-viber{background-color:#665cac}.elementor-social-icon-vimeo{background-color:#1ab7ea}.elementor-social-icon-vk{background-color:#45668e}.elementor-social-icon-weibo{background-color:#dd2430}.elementor-social-icon-weixin{background-color:#31a918}.elementor-social-icon-whatsapp{background-color:#25d366}.elementor-social-icon-wordpress{background-color:#21759b}.elementor-social-icon-xing{background-color:#026466}.elementor-social-icon-yelp{background-color:#af0606}.elementor-social-icon-youtube{background-color:#cd201f}.elementor-social-icon-500px{background-color:#0099e5}.elementor-shape-rounded .elementor-icon.elementor-social-icon{border-radius:10%}.elementor-shape-circle .elementor-icon.elementor-social-icon{border-radius:50%}<\/style>\n<p>\t\t\t\t\t<a href=\"https:\/\/www.instagram.com\/uzm.dr.erdiicen\/\" target=\"_blank\"><br \/>\n\t\t\t\t\t\tInstagram<br \/>\n\t\t\t\t\t\t\t\t\t\t\t<\/a><\/p>\n<p>Born in Istanbul in 1989, Dr. Erdi \u0130\u00e7en completed his high school education at Sak\u0131p Sabanc\u0131 Anatolian High School before enrolling at Istanbul University Faculty of Dentistry. He graduated in 2012 as a dentist and worked for a period before beginning his orthodontic specialty training at B\u00fclent Ecevit University Faculty of Dentistry. Dr. \u0130\u00e7en completed his specialization in 2018 and has since worked as an orthodontist in various clinics. In 2021, he founded Klinik Ni\u015fanta\u015f\u0131. He is proficient in English.<\/p>\n<p><strong>Professional Memberships:<\/strong><\/p>\n<ul>\n<li>Turkish Dental Association<\/li>\n<li>Turkish Dentists\u2019 Chamber<\/li>\n<li>Turkish Orthodontic Society<\/li>\n<li>European Orthodontic Society<\/li>\n<li>International Orthodontic Society<\/li>\n<\/ul>\n<p><strong>Conferences and Courses Attended:<\/strong><\/p>\n<ul>\n<li>14th International Turkish Orthodontic Society Congress (Ankara, 2018)<\/li>\n<li>Damon Mechanics with TAD\u2019s (Istanbul, 2015)<\/li>\n<li>Inter-Arch Treatment Mechanics, Part I \u2013 Class II Treatment (Istanbul, 2015)<\/li>\n<li>92nd European Orthodontic Society Congress (Stockholm, 2016)<\/li>\n<li>8th International World Federation of Orthodontists Congress (London, 2015)<\/li>\n<li>1st Tooth Transplantation Congress (Sopot, 2016)<\/li>\n<li>16th International Turkish Orthodontic Society Congress (Izmir, 2018)<\/li>\n<li>Orthodontist\u2019s Logbook I Course, Prof. Dr. Korkmaz Say\u0131nsu (Istanbul, 2018)<\/li>\n<li>Introduction to Lingual Treatment: Smile Correction (Istanbul, 2019)<\/li>\n<li>Orthodontist\u2019s Logbook II Course, Prof. Dr. Korkmaz Say\u0131nsu (Istanbul, 2019)<\/li>\n<li>Open-Air Lingual Talks (Istanbul, 2020)<\/li>\n<li>ClinCheck Master Vol. I (Istanbul, 2022)<\/li>\n<li>ClinCheck Master Vol. II (Istanbul, 2022)<\/li>\n<\/ul>\n","protected":false},"excerpt":{"rendered":"<p>Dr. Erdi \u0130\u00e7en Orthodontic Specialist | Founder of Klinik Ni\u015fanta\u015f\u0131 Dr. Erdi \u0130\u00e7en Orthodontic Specialist Instagram Born in Istanbul in 1989, Dr. Erdi \u0130\u00e7en completed his high school education at Sak\u0131p Sabanc\u0131 Anatolian High School before enrolling at Istanbul University Faculty of Dentistry. He graduated in 2012 as a dentist and worked for a period [&hellip;]<\/p>\n","protected":false},"author":1,"featured_media":0,"parent":3331,"menu_order":0,"comment_status":"closed","ping_status":"closed","template":"","meta":{"footnotes":""},"class_list":["post-4013","page","type-page","status-publish","hentry"],"_links":{"self":[{"href":"https:\/\/dentalclinicnisantasi.com\/en\/wp-json\/wp\/v2\/pages\/4013","targetHints":{"allow":["GET"]}}],"collection":[{"href":"https:\/\/dentalclinicnisantasi.com\/en\/wp-json\/wp\/v2\/pages"}],"about":[{"href":"https:\/\/dentalclinicnisantasi.com\/en\/wp-json\/wp\/v2\/types\/page"}],"author":[{"embeddable":true,"href":"https:\/\/dentalclinicnisantasi.com\/en\/wp-json\/wp\/v2\/users\/1"}],"replies":[{"embeddable":true,"href":"https:\/\/dentalclinicnisantasi.com\/en\/wp-json\/wp\/v2\/comments?post=4013"}],"version-history":[{"count":4,"href":"https:\/\/dentalclinicnisantasi.com\/en\/wp-json\/wp\/v2\/pages\/4013\/revisions"}],"predecessor-version":[{"id":5846,"href":"https:\/\/dentalclinicnisantasi.com\/en\/wp-json\/wp\/v2\/pages\/4013\/revisions\/5846"}],"up":[{"embeddable":true,"href":"https:\/\/dentalclinicnisantasi.com\/en\/wp-json\/wp\/v2\/pages\/3331"}],"wp:attachment":[{"href":"https:\/\/dentalclinicnisantasi.com\/en\/wp-json\/wp\/v2\/media?parent=4013"}],"curies":[{"name":"wp","href":"https:\/\/api.w.org\/{rel}","templated":true}]}}