{"id":4058,"date":"2023-08-16T15:26:18","date_gmt":"2023-08-16T12:26:18","guid":{"rendered":"https:\/\/dentalclinicnisantasi.com\/kvkk\/"},"modified":"2023-09-08T16:50:34","modified_gmt":"2023-09-08T13:50:34","slug":"kvkk","status":"publish","type":"page","link":"https:\/\/dentalclinicnisantasi.com\/ar\/kvkk\/","title":{"rendered":"Ki\u015fisel Verilerin Korunmas\u0131"},"content":{"rendered":"<p>Formlar Arac\u0131l\u0131\u011f\u0131yla Al\u0131nan Ki\u015fisel Verilerin \u0130\u015flenmesine \u0130li\u015fkin Ayd\u0131nlatma Metni<\/p>\n<p>Klini\u011fimiz, 6698 Say\u0131l\u0131 Ki\u015fisel Verilerin Korunmas\u0131 Kanunu ba\u015fta olmak \u00fczere ilgili mevzuattan kaynaklanan hukuki y\u00fck\u00fcml\u00fcl\u00fcklerini yerine getirebilmek amac\u0131yla baz\u0131 ki\u015fisel verilerinizi (ad\u0131n\u0131z, soyad\u0131n\u0131z, \u015fifreniz, e-posta adresiniz, cep telefonu numaran\u0131z gibi) talep etmekte olup, s\u00fcre\u00e7leri y\u00fcr\u00fctmek. A\u00e7\u0131k r\u0131zan\u0131za istinaden ki\u015fisel verileriniz, i\u015fbu Ki\u015fisel Verilerin Korunmas\u0131 Kanunu ve Ayd\u0131nlatma Metninde belirtilen ama\u00e7lar d\u0131\u015f\u0131nda kullan\u0131lmamak kayd\u0131yla herkesin eri\u015femeyece\u011fi bir ortamda i\u015flenecek ve saklanacakt\u0131r.<\/p>\n<p>Ki\u015fisel Verilerin \u0130\u015flenme Amac\u0131<\/p>\n<p>Klini\u011fimizde ki\u015fisel veriler; Ticari faaliyetlerin planlanmas\u0131 ve icras\u0131, yetkili kurum ve kurulu\u015flara mevzuattan kaynaklanan bilgilendirmeler yap\u0131lmas\u0131, do\u011frudan taraf\u0131m\u0131zca sa\u011flanmayan ve uzmanl\u0131k alan\u0131m\u0131z d\u0131\u015f\u0131nda kalan konularda t\u00fcketici \u015fikayetlerinin \u00e7\u00f6z\u00fcmlenmesi, a\u00e7\u0131k r\u0131za vermeniz halinde ticari elektronik ileti g\u00f6nderilmesi, denetlenmesi Faaliyetlerin Klini\u011fimiz prosed\u00fcrlerine ve ilgili mevzuata uygun olarak y\u00fcr\u00fct\u00fclmesini sa\u011flamak i\u00e7in gereklidir. Faaliyetlerin planlanmas\u0131 ve icras\u0131, kurumsal s\u00fcrd\u00fcr\u00fclebilirlik faaliyetlerinin planlanmas\u0131 ve icras\u0131, \u015firketimizin itibar\u0131n\u0131n korunmas\u0131na y\u00f6nelik \u00e7al\u0131\u015fmalar\u0131n y\u00fcr\u00fct\u00fclmesi, talep ve \u015fik\u00e2yet s\u00fcre\u00e7lerinin y\u00f6netilmesi, kurumsal y\u00f6netim ve ileti\u015fim faaliyetlerinin planlanmas\u0131 ve icras\u0131 amac\u0131yla faaliyetler y\u00fcr\u00fctmekteyiz. \u0130lgili mevzuatta \u00f6ng\u00f6r\u00fcld\u00fc\u011f\u00fc \u015fekilde, hukuka ve d\u00fcr\u00fcstl\u00fck kurallar\u0131na ve i\u015flendikleri amaca uygun, s\u0131n\u0131rl\u0131 ve orant\u0131l\u0131d\u0131r. veya i\u015flendikleri ama\u00e7 i\u00e7in gerekli olan s\u00fcre kadar saklama esaslar\u0131na uygun olarak i\u015flenecektir. Ki\u015fisel verileriniz k\u0131smen veya tamamen otomatik veya otomatik olmayan yollarla elde edilebilir, kaydedilebilir, saklanabilir, muhafaza edilebilir, de\u011fi\u015ftirilebilir, yeniden d\u00fczenlenebilir. i\u015flemler yoluyla i\u015flenebilir. Toplanan bilgiler, sizin bilginiz veya aksi y\u00f6ndeki talimat\u0131n\u0131z d\u0131\u015f\u0131nda \u00fc\u00e7\u00fcnc\u00fc \u015fah\u0131slarla payla\u015f\u0131lmaz, faaliyet d\u0131\u015f\u0131nda hi\u00e7bir sebeple ticari ama\u00e7la kullan\u0131lmaz ve sat\u0131lmaz.<\/p>\n<p>Ki\u015fisel Verilerin Aktar\u0131lmas\u0131<\/p>\n<p>Yukar\u0131da belirtilen ama\u00e7lar\u0131n ger\u00e7ekle\u015ftirilebilmesi i\u00e7in, taraf\u0131n\u0131zca elde edilen ki\u015fisel veriler, hukuka ve d\u00fcr\u00fcstl\u00fck ilkelerine uygun olarak ve Ki\u015fisel Verilerin i\u015flendikleri s\u00fcre kadar, s\u0131n\u0131rl\u0131 ve orant\u0131l\u0131 olarak saklanmas\u0131 ilkelerine uygun olarak KVKK&#8217;da \u00f6ng\u00f6r\u00fclen \u015fekilde muhafaza edilmektedir. \u0130lgili mevzuata uygun olarak veya i\u015flendikleri ama\u00e7 i\u00e7in gerekli olan s\u00fcre kadar. veya i\u015fbirli\u011fi yap\u0131lan yurti\u00e7i\/uluslararas\u0131\/uluslararas\u0131, kamu\/\u00f6zel kurum ve kurulu\u015flar, \u015firketler ve \u015firketimizin dan\u0131\u015fmanlar\u0131 veya \u00e7\u00f6z\u00fcm ortaklar\u0131, di\u011fer grup \u015firketleri, di\u011fer yetkili kurum ve kurulu\u015flar, tedarik\u00e7iler veya alt y\u00fcklenicilerle T\u00fcrk Ticaret Kanunu ve ilgili di\u011fer mevzuat\u0131n izin verdi\u011fi \u00f6l\u00e7\u00fcde. Ki\u015fi veya kurulu\u015flarla, kanunen yetkili kamu ve\/veya \u00f6zel hukuk t\u00fczel ki\u015fileri ile hukuki yetkileri dahilinde talep edilen ama\u00e7la s\u0131n\u0131rl\u0131 olarak, di\u011fer mevzuat h\u00fck\u00fcmlerinin izin verdi\u011fi veya zorunlu k\u0131ld\u0131\u011f\u0131 ki\u015fi veya kurulu\u015flarla ve talebi halinde resmi makamlarla payla\u015f\u0131labilir. resmi makamlar. Ki\u015fisel verileriniz, Ki\u015fisel Verilerin Korunmas\u0131 Kanunu&#8217;nun 5. ve 8. maddeleri uyar\u0131nca a\u00e7\u0131k r\u0131zan\u0131z olmaks\u0131z\u0131n \u00fc\u00e7\u00fcnc\u00fc ki\u015filere aktar\u0131labilecektir.<\/p>\n<p>Ki\u015fisel Verilerin Toplanma Y\u00f6ntemi<\/p>\n<p>Ki\u015fisel verileriniz internet sitemiz arac\u0131l\u0131\u011f\u0131yla yaz\u0131l\u0131, s\u00f6zl\u00fc veya elektronik olarak toplanabilecektir.<\/p>\n<p>Ki\u015fisel Verilerin Silinmesi, Yok Edilmesi veya Anonim Hale Getirilmesi<br \/>\nKi\u015fisel Verilerin Korunmas\u0131 Kanunu\u2019nun 7. maddesi uyar\u0131nca, ki\u015fisel veriler ilgili mevzuata uygun olarak i\u015flenmi\u015f olmas\u0131na ra\u011fmen, i\u015flenmesini gerektiren sebeplerin ortadan kalkmas\u0131 halinde, ki\u015fisel veriler Klini\u011fimiz taraf\u0131ndan resen veya ilgililerin talebi \u00fczerine silinir, yok edilir veya anonim hale getirilir. ki\u015fisel veri sahibi. Bu konuya ili\u015fkin usul ve esaslar Ki\u015fisel Verilerin Korunmas\u0131 Kanunu ve 28.10.2017 tarih ve 30224 say\u0131l\u0131 Resmi Gazete&#8217;de yay\u0131mlanan Ki\u015fisel Verilerin Silinmesi, Yok Edilmesi veya Anonim Hale Getirilmesi Hakk\u0131nda Y\u00f6netmelik uyar\u0131nca yerine getirilecektir. Ki\u015fisel verileri silme, yok etme veya anonimle\u015ftirme y\u00fck\u00fcml\u00fcl\u00fc\u011f\u00fcm\u00fcz\u00fcn do\u011fdu\u011fu tarihten itibaren 3 ay i\u00e7erisinde ki\u015fisel veriler silinecek, yok edilecek veya anonim hale getirilecektir. \u015eirketimize ula\u015farak ki\u015fisel verilerinizin silinmesini veya yok edilmesini talep etti\u011finizde;<\/p>\n<p>a) Ki\u015fisel verilerin i\u015flenmesini gerektiren t\u00fcm \u015fartlar ortadan kalkm\u0131\u015fsa; Talebe konu ki\u015fisel verileriniz silinir, yok edilir veya anonim hale getirilir. Talebiniz en ge\u00e7 30 g\u00fcn i\u00e7erisinde sonu\u00e7land\u0131r\u0131lacak ve taraf\u0131n\u0131za bilgi verilecektir.<\/p>\n<p>b) Ki\u015fisel veri i\u015fleme \u015fartlar\u0131n\u0131n tamam\u0131 ortadan kalkm\u0131\u015f ve talebe konu ki\u015fisel veri \u00fc\u00e7\u00fcnc\u00fc ki\u015filere aktar\u0131lm\u0131\u015fsa bu durum \u00fc\u00e7\u00fcnc\u00fc ki\u015filere bildirilir; Y\u00f6netmelik kapsam\u0131nda gerekli i\u015flemlerin yap\u0131lmas\u0131 sa\u011flanmaktad\u0131r.<\/p>\n<p>c) Ki\u015fisel verilerin i\u015flenmesine ili\u015fkin \u015fartlar\u0131n tamam\u0131 ortadan kalkmam\u0131\u015fsa, KVK Kanunu\u2019nun 13. maddesinin \u00fc\u00e7\u00fcnc\u00fc f\u0131kras\u0131 uyar\u0131nca talebiniz gerek\u00e7esi a\u00e7\u0131klanarak reddedilebilecek ve ret cevab\u0131 taraf\u0131n\u0131za yaz\u0131l\u0131 veya yaz\u0131l\u0131 olarak bildirilecektir. en ge\u00e7 30 g\u00fcn i\u00e7erisinde elektronik ortamda<\/p>\n<p>&nbsp;<\/p>\n","protected":false},"excerpt":{"rendered":"<p>Formlar Arac\u0131l\u0131\u011f\u0131yla Al\u0131nan Ki\u015fisel Verilerin \u0130\u015flenmesine \u0130li\u015fkin Ayd\u0131nlatma Metni Klini\u011fimiz, 6698 Say\u0131l\u0131 Ki\u015fisel Verilerin Korunmas\u0131 Kanunu ba\u015fta olmak \u00fczere ilgili mevzuattan kaynaklanan hukuki y\u00fck\u00fcml\u00fcl\u00fcklerini yerine getirebilmek amac\u0131yla baz\u0131 ki\u015fisel verilerinizi (ad\u0131n\u0131z, soyad\u0131n\u0131z, \u015fifreniz, e-posta adresiniz, cep telefonu numaran\u0131z gibi) talep etmekte olup, s\u00fcre\u00e7leri y\u00fcr\u00fctmek. A\u00e7\u0131k r\u0131zan\u0131za istinaden ki\u015fisel verileriniz, i\u015fbu Ki\u015fisel Verilerin Korunmas\u0131 Kanunu ve [&hellip;]<\/p>\n","protected":false},"author":1,"featured_media":0,"parent":0,"menu_order":0,"comment_status":"closed","ping_status":"closed","template":"","meta":{"footnotes":""},"class_list":["post-4058","page","type-page","status-publish","hentry"],"_links":{"self":[{"href":"https:\/\/dentalclinicnisantasi.com\/ar\/wp-json\/wp\/v2\/pages\/4058","targetHints":{"allow":["GET"]}}],"collection":[{"href":"https:\/\/dentalclinicnisantasi.com\/ar\/wp-json\/wp\/v2\/pages"}],"about":[{"href":"https:\/\/dentalclinicnisantasi.com\/ar\/wp-json\/wp\/v2\/types\/page"}],"author":[{"embeddable":true,"href":"https:\/\/dentalclinicnisantasi.com\/ar\/wp-json\/wp\/v2\/users\/1"}],"replies":[{"embeddable":true,"href":"https:\/\/dentalclinicnisantasi.com\/ar\/wp-json\/wp\/v2\/comments?post=4058"}],"version-history":[{"count":2,"href":"https:\/\/dentalclinicnisantasi.com\/ar\/wp-json\/wp\/v2\/pages\/4058\/revisions"}],"predecessor-version":[{"id":4415,"href":"https:\/\/dentalclinicnisantasi.com\/ar\/wp-json\/wp\/v2\/pages\/4058\/revisions\/4415"}],"wp:attachment":[{"href":"https:\/\/dentalclinicnisantasi.com\/ar\/wp-json\/wp\/v2\/media?parent=4058"}],"curies":[{"name":"wp","href":"https:\/\/api.w.org\/{rel}","templated":true}]}}