{"id":4017,"date":"2023-08-22T16:40:11","date_gmt":"2023-08-22T13:40:11","guid":{"rendered":"https:\/\/dentalclinicnisantasi.com\/%d8%a3%d8%b7%d8%a8%d8%a7%d8%a4%d9%86%d8%a7\/dr-erdi-icen\/"},"modified":"2023-09-06T15:52:00","modified_gmt":"2023-09-06T12:52:00","slug":"dr-erdi-icen","status":"publish","type":"page","link":"https:\/\/dentalclinicnisantasi.com\/ar\/%d8%a3%d8%b7%d8%a8%d8%a7%d8%a4%d9%86%d8%a7\/dr-erdi-icen\/","title":{"rendered":"Dr. Erdi \u0130\u00e7en"},"content":{"rendered":"<h2  > Dr. Erdi \u0130\u00e7en<\/h2>\n<p  > \u0645\u0639 \u0623\u0637\u0628\u0627\u0626\u0646\u0627 \u0627\u0644\u062e\u0628\u0631\u0627\u0621 \u0641\u064a \u0647\u0630\u0627 \u0627\u0644\u0645\u062c\u0627\u0644 \u060c \u0646\u062c\u0645\u0639\u0643 \u0645\u0639 \u0637\u0631\u0642 \u0627\u0644\u0639\u0644\u0627\u062c \u0627\u0644\u0635\u062d\u064a\u062d\u0629 \u0648\u0646\u0636\u064a\u0641 \u0642\u064a\u0645\u0629 \u0625\u0644\u0649 \u0627\u0628\u062a\u0633\u0627\u0645\u062a\u0643.<\/p>\n<style>\/*! elementor - v3.14.0 - 26-06-2023 *\/\n.elementor-widget-image{text-align:center}.elementor-widget-image a{display:inline-block}.elementor-widget-image a img[src$=\".svg\"]{width:48px}.elementor-widget-image img{vertical-align:middle;display:inline-block}<\/style>\n<p>\t\t\t\t\t\t\t\t\t\t\t\t<img decoding=\"async\" width=\"200\" height=\"305\" src=\"https:\/\/dentalclinicnisantasi.com\/wp-content\/uploads\/2023\/08\/dt-erdi-icen.jpg\" alt=\"\" srcset=\"https:\/\/dentalclinicnisantasi.com\/wp-content\/uploads\/2023\/08\/dt-erdi-icen.jpg 200w, https:\/\/dentalclinicnisantasi.com\/wp-content\/uploads\/2023\/08\/dt-erdi-icen-197x300.jpg 197w\" sizes=\"(max-width: 200px) 100vw, 200px\" \/>\t\t\t\t\t\t\t\t\t\t\t\t\t\t\t<\/p>\n<h3  > Dr. Erdi \u0130\u00e7en<\/h3>\n<p  > \u0623\u062e\u0635\u0627\u0626\u064a \u062a\u0642\u0648\u064a\u0645 \u0627\u0644\u0623\u0633\u0646\u0627\u0646<\/p>\n<style>\/*! elementor - v3.14.0 - 26-06-2023 *\/\n.elementor-widget-social-icons.elementor-grid-0 .elementor-widget-container,.elementor-widget-social-icons.elementor-grid-mobile-0 .elementor-widget-container,.elementor-widget-social-icons.elementor-grid-tablet-0 .elementor-widget-container{line-height:1;font-size:0}.elementor-widget-social-icons:not(.elementor-grid-0):not(.elementor-grid-tablet-0):not(.elementor-grid-mobile-0) .elementor-grid{display:inline-grid}.elementor-widget-social-icons .elementor-grid{grid-column-gap:var(--grid-column-gap,5px);grid-row-gap:var(--grid-row-gap,5px);grid-template-columns:var(--grid-template-columns);justify-content:var(--justify-content,center);justify-items:var(--justify-content,center)}.elementor-icon.elementor-social-icon{font-size:var(--icon-size,25px);line-height:var(--icon-size,25px);width:calc(var(--icon-size, 25px) + (2 * var(--icon-padding, .5em)));height:calc(var(--icon-size, 25px) + (2 * var(--icon-padding, .5em)))}.elementor-social-icon{--e-social-icon-icon-color:#fff;display:inline-flex;background-color:#69727d;align-items:center;justify-content:center;text-align:center;cursor:pointer}.elementor-social-icon i{color:var(--e-social-icon-icon-color)}.elementor-social-icon svg{fill:var(--e-social-icon-icon-color)}.elementor-social-icon:last-child{margin:0}.elementor-social-icon:hover{opacity:.9;color:#fff}.elementor-social-icon-android{background-color:#a4c639}.elementor-social-icon-apple{background-color:#999}.elementor-social-icon-behance{background-color:#1769ff}.elementor-social-icon-bitbucket{background-color:#205081}.elementor-social-icon-codepen{background-color:#000}.elementor-social-icon-delicious{background-color:#39f}.elementor-social-icon-deviantart{background-color:#05cc47}.elementor-social-icon-digg{background-color:#005be2}.elementor-social-icon-dribbble{background-color:#ea4c89}.elementor-social-icon-elementor{background-color:#d30c5c}.elementor-social-icon-envelope{background-color:#ea4335}.elementor-social-icon-facebook,.elementor-social-icon-facebook-f{background-color:#3b5998}.elementor-social-icon-flickr{background-color:#0063dc}.elementor-social-icon-foursquare{background-color:#2d5be3}.elementor-social-icon-free-code-camp,.elementor-social-icon-freecodecamp{background-color:#006400}.elementor-social-icon-github{background-color:#333}.elementor-social-icon-gitlab{background-color:#e24329}.elementor-social-icon-globe{background-color:#69727d}.elementor-social-icon-google-plus,.elementor-social-icon-google-plus-g{background-color:#dd4b39}.elementor-social-icon-houzz{background-color:#7ac142}.elementor-social-icon-instagram{background-color:#262626}.elementor-social-icon-jsfiddle{background-color:#487aa2}.elementor-social-icon-link{background-color:#818a91}.elementor-social-icon-linkedin,.elementor-social-icon-linkedin-in{background-color:#0077b5}.elementor-social-icon-medium{background-color:#00ab6b}.elementor-social-icon-meetup{background-color:#ec1c40}.elementor-social-icon-mixcloud{background-color:#273a4b}.elementor-social-icon-odnoklassniki{background-color:#f4731c}.elementor-social-icon-pinterest{background-color:#bd081c}.elementor-social-icon-product-hunt{background-color:#da552f}.elementor-social-icon-reddit{background-color:#ff4500}.elementor-social-icon-rss{background-color:#f26522}.elementor-social-icon-shopping-cart{background-color:#4caf50}.elementor-social-icon-skype{background-color:#00aff0}.elementor-social-icon-slideshare{background-color:#0077b5}.elementor-social-icon-snapchat{background-color:#fffc00}.elementor-social-icon-soundcloud{background-color:#f80}.elementor-social-icon-spotify{background-color:#2ebd59}.elementor-social-icon-stack-overflow{background-color:#fe7a15}.elementor-social-icon-steam{background-color:#00adee}.elementor-social-icon-stumbleupon{background-color:#eb4924}.elementor-social-icon-telegram{background-color:#2ca5e0}.elementor-social-icon-thumb-tack{background-color:#1aa1d8}.elementor-social-icon-tripadvisor{background-color:#589442}.elementor-social-icon-tumblr{background-color:#35465c}.elementor-social-icon-twitch{background-color:#6441a5}.elementor-social-icon-twitter{background-color:#1da1f2}.elementor-social-icon-viber{background-color:#665cac}.elementor-social-icon-vimeo{background-color:#1ab7ea}.elementor-social-icon-vk{background-color:#45668e}.elementor-social-icon-weibo{background-color:#dd2430}.elementor-social-icon-weixin{background-color:#31a918}.elementor-social-icon-whatsapp{background-color:#25d366}.elementor-social-icon-wordpress{background-color:#21759b}.elementor-social-icon-xing{background-color:#026466}.elementor-social-icon-yelp{background-color:#af0606}.elementor-social-icon-youtube{background-color:#cd201f}.elementor-social-icon-500px{background-color:#0099e5}.elementor-shape-rounded .elementor-icon.elementor-social-icon{border-radius:10%}.elementor-shape-circle .elementor-icon.elementor-social-icon{border-radius:50%}<\/style>\n<p>\t\t\t\t\t<a href=\"https:\/\/www.instagram.com\/uzm.dr.erdiicen\/\" target=\"_blank\" rel=\"noopener\"><br \/>\n\t\t\t\t\t\tInstagram<br \/>\n\t\t\t\t\t\t\t\t\t\t\t<\/a><\/p>\n<p>\u0648\u0644\u062f \u0627\u0644\u062f\u0643\u062a\u0648\u0631 \u0625\u0631\u062f\u064a \u0625\u064a\u062c\u0646 \u0641\u064a \u0627\u0633\u0637\u0646\u0628\u0648\u0644 \u0639\u0627\u0645 1989. \u0628\u0639\u062f \u0627\u0644\u0627\u0646\u062a\u0647\u0627\u0621 \u0645\u0646 \u062a\u0639\u0644\u064a\u0645\u0647 \u0627\u0644\u062b\u0627\u0646\u0648\u064a \u0641\u064a \u0645\u062f\u0631\u0633\u0629 Sak\u0131p Sabanc\u0131 Anatolian \u0627\u0644\u062b\u0627\u0646\u0648\u064a\u0629 \u060c \u0628\u062f\u0623 \u062a\u0639\u0644\u064a\u0645\u0647 \u0627\u0644\u0639\u0627\u0644\u064a \u0641\u064a \u0643\u0644\u064a\u0629 \u0637\u0628 \u0627\u0644\u0623\u0633\u0646\u0627\u0646 \u0628\u062c\u0627\u0645\u0639\u0629 \u0627\u0633\u0637\u0646\u0628\u0648\u0644. \u062a\u062e\u0631\u062c \u0645\u0646 \u0647\u0646\u0627 \u0641\u064a \u0639\u0627\u0645 2012 \u0628\u0644\u0642\u0628 \u0637\u0628\u064a\u0628 \u0623\u0633\u0646\u0627\u0646 \u0648\u0628\u0639\u062f \u0623\u0646 \u0639\u0645\u0644 \u0643\u0637\u0628\u064a\u0628 \u0623\u0633\u0646\u0627\u0646 \u0644\u0641\u062a\u0631\u0629 \u0645\u0646 \u0627\u0644\u0648\u0642\u062a \u060c \u0628\u062f\u0623 \u0641\u064a \u062a\u0644\u0642\u064a \u062a\u062f\u0631\u064a\u0628 \u0645\u062a\u062e\u0635\u0635 \u0641\u064a \u062a\u0642\u0648\u064a\u0645 \u0627\u0644\u0623\u0633\u0646\u0627\u0646 \u0641\u064a \u0643\u0644\u064a\u0629 \u0637\u0628 \u0627\u0644\u0623\u0633\u0646\u0627\u0646 \u0628\u062c\u0627\u0645\u0639\u0629 \u0628\u0648\u0644\u0646\u062a \u0623\u062c\u0627\u0648\u064a\u062f \u060c \u0642\u0633\u0645 \u062a\u0642\u0648\u064a\u0645 \u0627\u0644\u0623\u0633\u0646\u0627\u0646. \u062a\u062e\u0631\u062c \u0643\u0637\u0628\u064a\u0628 \u0645\u062a\u062e\u0635\u0635 \u0641\u064a \u0639\u0627\u0645 2018 \u0648\u0628\u062f\u0623 \u0627\u0644\u0639\u0645\u0644 \u0643\u0623\u062e\u0635\u0627\u0626\u064a \u062a\u0642\u0648\u064a\u0645 \u0623\u0633\u0646\u0627\u0646 \u0641\u064a \u0639\u064a\u0627\u062f\u0627\u062a \u0645\u062e\u062a\u0644\u0641\u0629. \u0641\u064a \u0639\u0627\u0645 2021 \u060c \u0623\u0633\u0633 \u0645\u0633\u062a\u0634\u0641\u0649 \u0646\u064a\u0634\u0627\u0646\u062a\u0627\u0634\u064a. \u0627\u0644\u062f\u0643\u062a\u0648\u0631 \u0625\u0631\u062f\u064a \u0625\u064a\u062c\u0646 \u0645\u062a\u0632\u0648\u062c \u0648\u064a\u062a\u062d\u062f\u062b \u0627\u0644\u0625\u0646\u062c\u0644\u064a\u0632\u064a\u0629 \u0628\u0637\u0644\u0627\u0642\u0629.<\/p>\n<p><strong>\u0627\u0644\u0645\u0646\u0638\u0645\u0627\u062a \u0627\u0644\u0623\u0639\u0636\u0627\u0621<\/strong><\/p>\n<ul>\n<li>\u062c\u0645\u0639\u064a\u0629 \u0637\u0628 \u0627\u0644\u0623\u0633\u0646\u0627\u0646 \u0627\u0644\u062a\u0631\u0643\u064a\u0629<\/li>\n<li>\u063a\u0631\u0641\u0629 \u0623\u0637\u0628\u0627\u0621 \u0627\u0644\u0623\u0633\u0646\u0627\u0646 \u0627\u0644\u062a\u0631\u0643\u064a\u0629<\/li>\n<li>\u062c\u0645\u0639\u064a\u0629 \u062a\u0642\u0648\u064a\u0645 \u0627\u0644\u0623\u0633\u0646\u0627\u0646 \u0627\u0644\u062a\u0631\u0643\u064a\u0629<\/li>\n<li>\u0627\u0644\u062c\u0645\u0639\u064a\u0629 \u0627\u0644\u0623\u0648\u0631\u0648\u0628\u064a\u0629 \u0644\u062a\u0642\u0648\u064a\u0645 \u0627\u0644\u0623\u0633\u0646\u0627\u0646<\/li>\n<li>\u0627\u0644\u062c\u0645\u0639\u064a\u0629 \u0627\u0644\u062f\u0648\u0644\u064a\u0629 \u0644\u062a\u0642\u0648\u064a\u0645 \u0627\u0644\u0623\u0633\u0646\u0627\u0646<\/li>\n<\/ul>\n<p><strong>\u0627\u0644\u0645\u0624\u062a\u0645\u0631\u0627\u062a \u0648\u0627\u0644\u062f\u0648\u0631\u0627\u062a \u0627\u0644\u062a\u064a \u062d\u0636\u0631\u0647\u0627<\/strong><\/p>\n<ul>\n<li>\u0627\u0644\u0645\u0624\u062a\u0645\u0631 \u0627\u0644\u062f\u0648\u0644\u064a \u0627\u0644\u0631\u0627\u0628\u0639 \u0639\u0634\u0631 \u0644\u062c\u0645\u0639\u064a\u0629 \u062a\u0642\u0648\u064a\u0645 \u0627\u0644\u0623\u0633\u0646\u0627\u0646 \u0627\u0644\u062a\u0631\u0643\u064a\u0629 (\u0623\u0646\u0642\u0631\u0629 2018)<\/li>\n<li>\u0645\u064a\u0643\u0627\u0646\u064a\u0643\u0627 \u062f\u064a\u0645\u0648\u0646 \u0645\u0639 TAD&#8217;s (\u0627\u0633\u0637\u0646\u0628\u0648\u0644 2015)<\/li>\n<li>\u0645\u064a\u0643\u0627\u0646\u064a\u0643\u0627 \u0627\u0644\u0645\u0639\u0627\u0644\u062c\u0629 \u0628\u064a\u0646 \u0627\u0644\u0623\u0642\u0648\u0627\u0633 \u060c \u0627\u0644\u062c\u0632\u0621 \u0627\u0644\u0623\u0648\u0644 &#8211; \u0645\u0639\u0627\u0644\u062c\u0629 \u0627\u0644\u0641\u0626\u0629 \u0627\u0644\u062b\u0627\u0646\u064a\u0629 (2015 \u0627\u0633\u0637\u0646\u0628\u0648\u0644)<\/li>\n<li>F92. \u0645\u0624\u062a\u0645\u0631 \u0627\u0644\u062c\u0645\u0639\u064a\u0629 \u0627\u0644\u0623\u0648\u0631\u0648\u0628\u064a\u0629 \u0644\u062a\u0642\u0648\u064a\u0645 \u0627\u0644\u0623\u0633\u0646\u0627\u0646 (\u0633\u062a\u0648\u0643\u0647\u0648\u0644\u0645-2016)<\/li>\n<li>8 \u0627\u0644\u0645\u0624\u062a\u0645\u0631 \u0627\u0644\u062f\u0648\u0644\u064a \u0644\u0644\u0627\u062a\u062d\u0627\u062f \u0627\u0644\u0639\u0627\u0644\u0645\u064a \u0644\u062a\u0642\u0648\u064a\u0645 \u0627\u0644\u0623\u0633\u0646\u0627\u0646 \u062a\u0642\u0648\u064a\u0645 \u0627\u0644\u0623\u0633\u0646\u0627\u0646 (\u0644\u0646\u062f\u0646 2015)<\/li>\n<li>1st \u0645\u0624\u062a\u0645\u0631 \u0632\u0631\u0627\u0639\u0629 \u0627\u0644\u0623\u0633\u0646\u0627\u0646 (\u0633\u0648\u0628\u0648\u062a -2016)<\/li>\n<li>\u0627\u0644\u0645\u0624\u062a\u0645\u0631 \u0627\u0644\u062f\u0648\u0644\u064a \u0627\u0644\u0633\u0627\u062f\u0633 \u0639\u0634\u0631 \u0644\u062c\u0645\u0639\u064a\u0629 \u062a\u0642\u0648\u064a\u0645 \u0627\u0644\u0623\u0633\u0646\u0627\u0646 \u0627\u0644\u062a\u0631\u0643\u064a\u0629 (\u0625\u0632\u0645\u064a\u0631 2018)<\/li>\n<li>\u062f\u0648\u0631\u0629 \u0633\u062c\u0644 \u062a\u0642\u0648\u064a\u0645 \u0627\u0644\u0623\u0633\u0646\u0627\u0646 I \u060c \u0627\u0644\u0623\u0633\u062a\u0627\u0630 \u0627\u0644\u062f\u0643\u062a\u0648\u0631 \u0643\u0648\u0631\u0643\u0645\u0627\u0632 \u0633\u0627\u064a\u0646\u0633\u0648 (\u0627\u0633\u0637\u0646\u0628\u0648\u0644 2018)<\/li>\n<li>\u0645\u0642\u062f\u0645\u0629 \u0641\u064a \u0627\u0644\u0639\u0644\u0627\u062c \u0627\u0644\u0644\u063a\u0648\u064a: \u062a\u0635\u062d\u064a\u062d \u0627\u0644\u0639\u0631\u0636 (\u0627\u0633\u0637\u0646\u0628\u0648\u0644 2019)<\/li>\n<li>\u062f\u0648\u0631\u0629 \u062f\u0641\u062a\u0631 \u0633\u062c\u0644\u0627\u062a \u062a\u0642\u0648\u064a\u0645 \u0627\u0644\u0623\u0633\u0646\u0627\u0646 II \u060c \u0627\u0644\u0623\u0633\u062a\u0627\u0630 \u0627\u0644\u062f\u0643\u062a\u0648\u0631 \u0643\u0648\u0631\u0643\u0645\u0627\u0632 \u0633\u0627\u064a\u0646\u0633\u0648 (\u0627\u0633\u0637\u0646\u0628\u0648\u0644 2019)<\/li>\n<li>\u0645\u062d\u0627\u062f\u062b\u0627\u062a \u0644\u063a\u0648\u064a\u0629 \u0641\u064a \u0627\u0644\u0647\u0648\u0627\u0621 \u0627\u0644\u0637\u0644\u0642 (\u0627\u0633\u0637\u0646\u0628\u0648\u0644 2020)<\/li>\n<li>\u0643\u0644\u064a\u0646\u0634\u064a\u0643 \u0645\u0627\u0633\u062a\u0631 \u0627\u0644\u0645\u062c\u0644\u062f \u0627\u0644\u0623\u0648\u0644 (\u0627\u0633\u0637\u0646\u0628\u0648\u0644 2022)<\/li>\n<li>\u0643\u0644\u064a\u0646\u0634\u064a\u0643 \u0645\u0627\u0633\u062a\u0631 \u0627\u0644\u0645\u062c\u0644\u062f \u0627\u0644\u062b\u0627\u0646\u064a (\u0627\u0633\u0637\u0646\u0628\u0648\u0644 2022)<\/li>\n<\/ul>\n","protected":false},"excerpt":{"rendered":"<p>Dr. Erdi \u0130\u00e7en \u0645\u0639 \u0623\u0637\u0628\u0627\u0626\u0646\u0627 \u0627\u0644\u062e\u0628\u0631\u0627\u0621 \u0641\u064a \u0647\u0630\u0627 \u0627\u0644\u0645\u062c\u0627\u0644 \u060c \u0646\u062c\u0645\u0639\u0643 \u0645\u0639 \u0637\u0631\u0642 \u0627\u0644\u0639\u0644\u0627\u062c \u0627\u0644\u0635\u062d\u064a\u062d\u0629 \u0648\u0646\u0636\u064a\u0641 \u0642\u064a\u0645\u0629 \u0625\u0644\u0649 \u0627\u0628\u062a\u0633\u0627\u0645\u062a\u0643. Dr. Erdi \u0130\u00e7en \u0623\u062e\u0635\u0627\u0626\u064a \u062a\u0642\u0648\u064a\u0645 \u0627\u0644\u0623\u0633\u0646\u0627\u0646 Instagram \u0648\u0644\u062f \u0627\u0644\u062f\u0643\u062a\u0648\u0631 \u0625\u0631\u062f\u064a \u0625\u064a\u062c\u0646 \u0641\u064a \u0627\u0633\u0637\u0646\u0628\u0648\u0644 \u0639\u0627\u0645 1989. \u0628\u0639\u062f \u0627\u0644\u0627\u0646\u062a\u0647\u0627\u0621 \u0645\u0646 \u062a\u0639\u0644\u064a\u0645\u0647 \u0627\u0644\u062b\u0627\u0646\u0648\u064a \u0641\u064a \u0645\u062f\u0631\u0633\u0629 Sak\u0131p Sabanc\u0131 Anatolian \u0627\u0644\u062b\u0627\u0646\u0648\u064a\u0629 \u060c \u0628\u062f\u0623 \u062a\u0639\u0644\u064a\u0645\u0647 \u0627\u0644\u0639\u0627\u0644\u064a \u0641\u064a \u0643\u0644\u064a\u0629 \u0637\u0628 \u0627\u0644\u0623\u0633\u0646\u0627\u0646 \u0628\u062c\u0627\u0645\u0639\u0629 \u0627\u0633\u0637\u0646\u0628\u0648\u0644. [&hellip;]<\/p>\n","protected":false},"author":1,"featured_media":0,"parent":2945,"menu_order":0,"comment_status":"closed","ping_status":"closed","template":"","meta":{"footnotes":""},"class_list":["post-4017","page","type-page","status-publish","hentry"],"_links":{"self":[{"href":"https:\/\/dentalclinicnisantasi.com\/ar\/wp-json\/wp\/v2\/pages\/4017","targetHints":{"allow":["GET"]}}],"collection":[{"href":"https:\/\/dentalclinicnisantasi.com\/ar\/wp-json\/wp\/v2\/pages"}],"about":[{"href":"https:\/\/dentalclinicnisantasi.com\/ar\/wp-json\/wp\/v2\/types\/page"}],"author":[{"embeddable":true,"href":"https:\/\/dentalclinicnisantasi.com\/ar\/wp-json\/wp\/v2\/users\/1"}],"replies":[{"embeddable":true,"href":"https:\/\/dentalclinicnisantasi.com\/ar\/wp-json\/wp\/v2\/comments?post=4017"}],"version-history":[{"count":1,"href":"https:\/\/dentalclinicnisantasi.com\/ar\/wp-json\/wp\/v2\/pages\/4017\/revisions"}],"predecessor-version":[{"id":4018,"href":"https:\/\/dentalclinicnisantasi.com\/ar\/wp-json\/wp\/v2\/pages\/4017\/revisions\/4018"}],"up":[{"embeddable":true,"href":"https:\/\/dentalclinicnisantasi.com\/ar\/wp-json\/wp\/v2\/pages\/2945"}],"wp:attachment":[{"href":"https:\/\/dentalclinicnisantasi.com\/ar\/wp-json\/wp\/v2\/media?parent=4017"}],"curies":[{"name":"wp","href":"https:\/\/api.w.org\/{rel}","templated":true}]}}