{"id":4006,"date":"2023-08-22T17:13:12","date_gmt":"2023-08-22T14:13:12","guid":{"rendered":"https:\/\/dentalclinicnisantasi.com\/%d8%a8%d8%a7%d9%86%d9%83%d8%a7-%d9%87%d9%8a%d8%b3%d8%a7%d8%a8-%d8%a8%d9%8a%d9%84%d8%ac%d9%8a%d9%84%d8%b1%d9%8a%d9%85%d9%8a%d8%b2\/"},"modified":"2023-09-06T11:43:02","modified_gmt":"2023-09-06T08:43:02","slug":"%d8%a8%d8%a7%d9%86%d9%83%d8%a7-%d9%87%d9%8a%d8%b3%d8%a7%d8%a8-%d8%a8%d9%8a%d9%84%d8%ac%d9%8a%d9%84%d8%b1%d9%8a%d9%85%d9%8a%d8%b2","status":"publish","type":"page","link":"https:\/\/dentalclinicnisantasi.com\/ar\/%d8%a8%d8%a7%d9%86%d9%83%d8%a7-%d9%87%d9%8a%d8%b3%d8%a7%d8%a8-%d8%a8%d9%8a%d9%84%d8%ac%d9%8a%d9%84%d8%b1%d9%8a%d9%85%d9%8a%d8%b2\/","title":{"rendered":"\u0628\u0627\u0646\u0643\u0627 \u0647\u064a\u0633\u0627\u0628 \u0628\u064a\u0644\u062c\u064a\u0644\u0631\u064a\u0645\u064a\u0632"},"content":{"rendered":"\t\t<div data-elementor-type=\"wp-page\" data-elementor-id=\"4006\" class=\"elementor elementor-4006 elementor-1982\">\n\t\t\t\t\t\t\t<div class=\"elementor-element elementor-element-410a748 e-flex e-con-boxed e-con e-parent\" data-id=\"410a748\" data-element_type=\"container\" data-settings=\"{&quot;content_width&quot;:&quot;boxed&quot;}\" data-core-v316-plus=\"true\">\n\t\t\t\t\t<div class=\"e-con-inner\">\n\t\t<div class=\"elementor-element elementor-element-b2e0a94 e-con-full e-flex e-con e-parent\" data-id=\"b2e0a94\" data-element_type=\"container\" data-settings=\"{&quot;content_width&quot;:&quot;full&quot;}\" data-core-v316-plus=\"true\">\n\t\t\t\t<div class=\"elementor-element elementor-element-ea056af elementor-widget elementor-widget-text-editor\" data-id=\"ea056af\" data-element_type=\"widget\" data-widget_type=\"text-editor.default\">\n\t\t\t\t<div class=\"elementor-widget-container\">\n\t\t\t<style>\/*! elementor - v3.16.0 - 14-09-2023 *\/\n.elementor-widget-text-editor.elementor-drop-cap-view-stacked .elementor-drop-cap{background-color:#69727d;color:#fff}.elementor-widget-text-editor.elementor-drop-cap-view-framed .elementor-drop-cap{color:#69727d;border:3px solid;background-color:transparent}.elementor-widget-text-editor:not(.elementor-drop-cap-view-default) .elementor-drop-cap{margin-top:8px}.elementor-widget-text-editor:not(.elementor-drop-cap-view-default) .elementor-drop-cap-letter{width:1em;height:1em}.elementor-widget-text-editor .elementor-drop-cap{float:left;text-align:center;line-height:1;font-size:50px}.elementor-widget-text-editor .elementor-drop-cap-letter{display:inline-block}<\/style>\t\t\t\t<p><strong><u>T\u00fcrk Liras\u0131<\/p>\n<p><\/u><\/strong><strong>Banka:<\/strong> Garanti Bankas\u0131<br \/><strong>Hesap Ad\u0131:<\/strong> Ni\u015fanta\u015f\u0131 Klini\u011fi A\u011f\u0131z ve Di\u015f Sa\u011fl\u0131\u011f\u0131 Hizmetleri San. ve Tic. Ltd. \u015eti.<br \/><strong>\u0130ban:<\/strong> TR86 0006 2000 1830 0006 2953 04<\/p>\n\t\t\t\t\t\t<\/div>\n\t\t\t\t<\/div>\n\t\t\t\t<\/div>\n\t\t<div class=\"elementor-element elementor-element-3b22a39 e-con-full e-flex e-con e-parent\" data-id=\"3b22a39\" data-element_type=\"container\" data-settings=\"{&quot;content_width&quot;:&quot;full&quot;}\" data-core-v316-plus=\"true\">\n\t\t\t\t<div class=\"elementor-element elementor-element-f6cca04 elementor-widget elementor-widget-text-editor\" data-id=\"f6cca04\" data-element_type=\"widget\" data-widget_type=\"text-editor.default\">\n\t\t\t\t<div class=\"elementor-widget-container\">\n\t\t\t\t\t\t\t<p><strong><u>Amerikan Dolar\u0131<\/u><\/strong><\/p>\n<p><strong>Banka:<\/strong> Garanti Bankas\u0131<br \/><strong>Hesap Ad\u0131:<\/strong> Ni\u015fanta\u015f\u0131 Klini\u011fi A\u011f\u0131z ve Di\u015f Sa\u011fl\u0131\u011f\u0131 Hizmetleri San. ve Tic. Ltd. \u015eti.<br \/><strong>\u0130ban:<\/strong> TR53 0006 2000 1830 0009 0700 98<\/p>\n<p><strong>BIC (Swift Kodu):<\/strong> TGBATRISXXX<\/p>\n\t\t\t\t\t\t<\/div>\n\t\t\t\t<\/div>\n\t\t\t\t<\/div>\n\t\t\t\t\t<\/div>\n\t\t\t\t<\/div>\n\t\t<div class=\"elementor-element elementor-element-c1e28e0 e-flex e-con-boxed e-con e-parent\" data-id=\"c1e28e0\" data-element_type=\"container\" data-settings=\"{&quot;content_width&quot;:&quot;boxed&quot;}\" data-core-v316-plus=\"true\">\n\t\t\t\t\t<div class=\"e-con-inner\">\n\t\t<div class=\"elementor-element elementor-element-1cc4172 e-con-full e-flex e-con e-parent\" data-id=\"1cc4172\" data-element_type=\"container\" data-settings=\"{&quot;content_width&quot;:&quot;full&quot;}\" data-core-v316-plus=\"true\">\n\t\t\t\t<div class=\"elementor-element elementor-element-1c76c98 elementor-widget elementor-widget-text-editor\" data-id=\"1c76c98\" data-element_type=\"widget\" data-widget_type=\"text-editor.default\">\n\t\t\t\t<div class=\"elementor-widget-container\">\n\t\t\t\t\t\t\t<p><strong><u>Euro<\/u><\/strong><\/p>\n<p><strong>Banka:<\/strong> Garanti Bankas\u0131<br \/><strong>Hesap Ad\u0131:<\/strong> Ni\u015fanta\u015f\u0131 Klini\u011fi A\u011f\u0131z ve Di\u015f Sa\u011fl\u0131\u011f\u0131 Hizmetleri San. ve Tic. Ltd. \u015eti.<br \/><strong>\u0130ban:<\/strong> TR89 0006 2000 1830 0009 0711 96<\/p>\n<p><strong>BIC (Swift Kodu):<\/strong> TGBATRISXXX<\/p>\n\t\t\t\t\t\t<\/div>\n\t\t\t\t<\/div>\n\t\t\t\t<\/div>\n\t\t<div class=\"elementor-element elementor-element-4b7a449 e-con-full e-flex e-con e-parent\" data-id=\"4b7a449\" data-element_type=\"container\" data-settings=\"{&quot;content_width&quot;:&quot;full&quot;}\" data-core-v316-plus=\"true\">\n\t\t\t\t<\/div>\n\t\t\t\t\t<\/div>\n\t\t\t\t<\/div>\n\t\t\t\t\t\t\t<\/div>\n\t\t","protected":false},"excerpt":{"rendered":"<p>T\u00fcrk Liras\u0131 Banka: Garanti Bankas\u0131Hesap Ad\u0131: Ni\u015fanta\u015f\u0131 Klini\u011fi A\u011f\u0131z ve Di\u015f Sa\u011fl\u0131\u011f\u0131 Hizmetleri San. ve Tic. Ltd. \u015eti.\u0130ban: TR86 0006 2000 1830 0006 2953 04 Amerikan Dolar\u0131 Banka: Garanti Bankas\u0131Hesap Ad\u0131: Ni\u015fanta\u015f\u0131 Klini\u011fi A\u011f\u0131z ve Di\u015f Sa\u011fl\u0131\u011f\u0131 Hizmetleri San. ve Tic. Ltd. \u015eti.\u0130ban: TR53 0006 2000 1830 0009 0700 98 BIC (Swift Kodu): TGBATRISXXX Euro [&hellip;]<\/p>\n","protected":false},"author":1,"featured_media":0,"parent":0,"menu_order":0,"comment_status":"closed","ping_status":"closed","template":"","meta":{"footnotes":""},"class_list":["post-4006","page","type-page","status-publish","hentry"],"_links":{"self":[{"href":"https:\/\/dentalclinicnisantasi.com\/ar\/wp-json\/wp\/v2\/pages\/4006","targetHints":{"allow":["GET"]}}],"collection":[{"href":"https:\/\/dentalclinicnisantasi.com\/ar\/wp-json\/wp\/v2\/pages"}],"about":[{"href":"https:\/\/dentalclinicnisantasi.com\/ar\/wp-json\/wp\/v2\/types\/page"}],"author":[{"embeddable":true,"href":"https:\/\/dentalclinicnisantasi.com\/ar\/wp-json\/wp\/v2\/users\/1"}],"replies":[{"embeddable":true,"href":"https:\/\/dentalclinicnisantasi.com\/ar\/wp-json\/wp\/v2\/comments?post=4006"}],"version-history":[{"count":1,"href":"https:\/\/dentalclinicnisantasi.com\/ar\/wp-json\/wp\/v2\/pages\/4006\/revisions"}],"predecessor-version":[{"id":4007,"href":"https:\/\/dentalclinicnisantasi.com\/ar\/wp-json\/wp\/v2\/pages\/4006\/revisions\/4007"}],"wp:attachment":[{"href":"https:\/\/dentalclinicnisantasi.com\/ar\/wp-json\/wp\/v2\/media?parent=4006"}],"curies":[{"name":"wp","href":"https:\/\/api.w.org\/{rel}","templated":true}]}}